{"id":99955,"date":"2025-09-30T08:58:51","date_gmt":"2025-09-30T08:58:51","guid":{"rendered":"https:\/\/casafreitas.pt\/loja\/produto\/galo-galinha-metal-saltadora-varios-modelos-20-x-25-x-29-cm\/"},"modified":"2025-10-24T02:19:02","modified_gmt":"2025-10-24T02:19:02","slug":"galo-galinha-metal-saltadora-varios-modelos-20-x-25-x-29-cm","status":"publish","type":"product","link":"https:\/\/casafreitas.pt\/loja\/produto\/galo-galinha-metal-saltadora-varios-modelos-20-x-25-x-29-cm\/","title":{"rendered":"Galo\/galinha de metal saltadora v\u00e1rios modelos 20 x 25 x 29 cm"},"content":{"rendered":"","protected":false},"excerpt":{"rendered":"<p>Decora\u00e7\u00e3o de jardim de galo\/galinha de metal que se move para cima e para baixo. modelos variados, medidas 20 x 25 x 29 cm<\/p>\n","protected":false},"featured_media":99954,"comment_status":"open","ping_status":"closed","template":"","meta":[],"product_brand":[],"product_cat":[17833,18009],"product_tag":[],"class_list":{"0":"post-99955","1":"product","2":"type-product","3":"status-publish","4":"has-post-thumbnail","6":"product_cat-decoracao-de-jardim-jardim-e-espaco-exterior","7":"product_cat-jardim-espaco-exterior","9":"first","10":"instock","11":"taxable","12":"shipping-taxable","13":"purchasable","14":"product-type-simple"},"_links":{"self":[{"href":"https:\/\/casafreitas.pt\/loja\/wp-json\/wp\/v2\/product\/99955","targetHints":{"allow":["GET"]}}],"collection":[{"href":"https:\/\/casafreitas.pt\/loja\/wp-json\/wp\/v2\/product"}],"about":[{"href":"https:\/\/casafreitas.pt\/loja\/wp-json\/wp\/v2\/types\/product"}],"replies":[{"embeddable":true,"href":"https:\/\/casafreitas.pt\/loja\/wp-json\/wp\/v2\/comments?post=99955"}],"version-history":[{"count":1,"href":"https:\/\/casafreitas.pt\/loja\/wp-json\/wp\/v2\/product\/99955\/revisions"}],"predecessor-version":[{"id":99956,"href":"https:\/\/casafreitas.pt\/loja\/wp-json\/wp\/v2\/product\/99955\/revisions\/99956"}],"wp:featuredmedia":[{"embeddable":true,"href":"https:\/\/casafreitas.pt\/loja\/wp-json\/wp\/v2\/media\/99954"}],"wp:attachment":[{"href":"https:\/\/casafreitas.pt\/loja\/wp-json\/wp\/v2\/media?parent=99955"}],"wp:term":[{"taxonomy":"product_brand","embeddable":true,"href":"https:\/\/casafreitas.pt\/loja\/wp-json\/wp\/v2\/product_brand?post=99955"},{"taxonomy":"product_cat","embeddable":true,"href":"https:\/\/casafreitas.pt\/loja\/wp-json\/wp\/v2\/product_cat?post=99955"},{"taxonomy":"product_tag","embeddable":true,"href":"https:\/\/casafreitas.pt\/loja\/wp-json\/wp\/v2\/product_tag?post=99955"}],"curies":[{"name":"wp","href":"https:\/\/api.w.org\/{rel}","templated":true}]}}