{"id":99892,"date":"2025-09-30T08:54:18","date_gmt":"2025-09-30T08:54:18","guid":{"rendered":"https:\/\/casafreitas.pt\/loja\/produto\/candeeiro-mesa-madeira-e27-lampada-nao-incluida\/"},"modified":"2025-10-24T02:18:56","modified_gmt":"2025-10-24T02:18:56","slug":"candeeiro-mesa-madeira-e27-lampada-nao-incluida","status":"publish","type":"product","link":"https:\/\/casafreitas.pt\/loja\/produto\/candeeiro-mesa-madeira-e27-lampada-nao-incluida\/","title":{"rendered":"Candeeiro de mesa de madeira e27 (l\u00e2mpada n\u00e3o inclu\u00edda)"},"content":{"rendered":"","protected":false},"excerpt":{"rendered":"<p>Candeeiro de mesa de madeira e27 (l\u00e2mpada n\u00e3o inclu\u00edda) 8&#215;7.5cm<\/p>\n","protected":false},"featured_media":99891,"comment_status":"open","ping_status":"closed","template":"","meta":[],"product_brand":[],"product_cat":[17939,18008],"product_tag":[],"class_list":{"0":"post-99892","1":"product","2":"type-product","3":"status-publish","4":"has-post-thumbnail","6":"product_cat-candeeiros-de-mesa-iluminacao-2","7":"product_cat-iluminacao","9":"first","10":"instock","11":"taxable","12":"shipping-taxable","13":"purchasable","14":"product-type-simple"},"_links":{"self":[{"href":"https:\/\/casafreitas.pt\/loja\/wp-json\/wp\/v2\/product\/99892","targetHints":{"allow":["GET"]}}],"collection":[{"href":"https:\/\/casafreitas.pt\/loja\/wp-json\/wp\/v2\/product"}],"about":[{"href":"https:\/\/casafreitas.pt\/loja\/wp-json\/wp\/v2\/types\/product"}],"replies":[{"embeddable":true,"href":"https:\/\/casafreitas.pt\/loja\/wp-json\/wp\/v2\/comments?post=99892"}],"version-history":[{"count":1,"href":"https:\/\/casafreitas.pt\/loja\/wp-json\/wp\/v2\/product\/99892\/revisions"}],"predecessor-version":[{"id":99893,"href":"https:\/\/casafreitas.pt\/loja\/wp-json\/wp\/v2\/product\/99892\/revisions\/99893"}],"wp:featuredmedia":[{"embeddable":true,"href":"https:\/\/casafreitas.pt\/loja\/wp-json\/wp\/v2\/media\/99891"}],"wp:attachment":[{"href":"https:\/\/casafreitas.pt\/loja\/wp-json\/wp\/v2\/media?parent=99892"}],"wp:term":[{"taxonomy":"product_brand","embeddable":true,"href":"https:\/\/casafreitas.pt\/loja\/wp-json\/wp\/v2\/product_brand?post=99892"},{"taxonomy":"product_cat","embeddable":true,"href":"https:\/\/casafreitas.pt\/loja\/wp-json\/wp\/v2\/product_cat?post=99892"},{"taxonomy":"product_tag","embeddable":true,"href":"https:\/\/casafreitas.pt\/loja\/wp-json\/wp\/v2\/product_tag?post=99892"}],"curies":[{"name":"wp","href":"https:\/\/api.w.org\/{rel}","templated":true}]}}