{"id":99640,"date":"2025-09-30T08:36:56","date_gmt":"2025-09-30T08:36:56","guid":{"rendered":"https:\/\/casafreitas.pt\/loja\/produto\/haragan-plastico-44-cm-cores-sortidas\/"},"modified":"2025-10-24T02:18:34","modified_gmt":"2025-10-24T02:18:34","slug":"haragan-plastico-44-cm-cores-sortidas","status":"publish","type":"product","link":"https:\/\/casafreitas.pt\/loja\/produto\/haragan-plastico-44-cm-cores-sortidas\/","title":{"rendered":"Haragan pl\u00e1stico 44 cm, cores sortidas"},"content":{"rendered":"","protected":false},"excerpt":{"rendered":"<p>Haragan de pl\u00e1stico com espuma para superf\u00edcies molhadas ou de \u00e1gua. medida 44 cm. pode ser utilizado com pano, permanece segurado. possibilidade de colocar al\u00e7a (n\u00e3o inclu\u00edda),cores variadas<\/p>\n","protected":false},"featured_media":99639,"comment_status":"open","ping_status":"closed","template":"","meta":[],"product_brand":[],"product_cat":[17898,18010],"product_tag":[],"class_list":{"0":"post-99640","1":"product","2":"type-product","3":"status-publish","4":"has-post-thumbnail","6":"product_cat-haragan-escovas-limpeza-e-higiene-pessoal","7":"product_cat-limpeza-higiene-pessoal","9":"first","10":"instock","11":"taxable","12":"shipping-taxable","13":"purchasable","14":"product-type-simple"},"_links":{"self":[{"href":"https:\/\/casafreitas.pt\/loja\/wp-json\/wp\/v2\/product\/99640","targetHints":{"allow":["GET"]}}],"collection":[{"href":"https:\/\/casafreitas.pt\/loja\/wp-json\/wp\/v2\/product"}],"about":[{"href":"https:\/\/casafreitas.pt\/loja\/wp-json\/wp\/v2\/types\/product"}],"replies":[{"embeddable":true,"href":"https:\/\/casafreitas.pt\/loja\/wp-json\/wp\/v2\/comments?post=99640"}],"version-history":[{"count":1,"href":"https:\/\/casafreitas.pt\/loja\/wp-json\/wp\/v2\/product\/99640\/revisions"}],"predecessor-version":[{"id":99641,"href":"https:\/\/casafreitas.pt\/loja\/wp-json\/wp\/v2\/product\/99640\/revisions\/99641"}],"wp:featuredmedia":[{"embeddable":true,"href":"https:\/\/casafreitas.pt\/loja\/wp-json\/wp\/v2\/media\/99639"}],"wp:attachment":[{"href":"https:\/\/casafreitas.pt\/loja\/wp-json\/wp\/v2\/media?parent=99640"}],"wp:term":[{"taxonomy":"product_brand","embeddable":true,"href":"https:\/\/casafreitas.pt\/loja\/wp-json\/wp\/v2\/product_brand?post=99640"},{"taxonomy":"product_cat","embeddable":true,"href":"https:\/\/casafreitas.pt\/loja\/wp-json\/wp\/v2\/product_cat?post=99640"},{"taxonomy":"product_tag","embeddable":true,"href":"https:\/\/casafreitas.pt\/loja\/wp-json\/wp\/v2\/product_tag?post=99640"}],"curies":[{"name":"wp","href":"https:\/\/api.w.org\/{rel}","templated":true}]}}