{"id":99499,"date":"2025-09-30T08:20:05","date_gmt":"2025-09-30T08:20:05","guid":{"rendered":"https:\/\/casafreitas.pt\/loja\/produto\/pano-amarelo-suave-ultrafresh\/"},"modified":"2025-10-24T02:18:26","modified_gmt":"2025-10-24T02:18:26","slug":"pano-amarelo-suave-ultrafresh","status":"publish","type":"product","link":"https:\/\/casafreitas.pt\/loja\/produto\/pano-amarelo-suave-ultrafresh\/","title":{"rendered":"Pano amarelo suave ultrafresh"},"content":{"rendered":"","protected":false},"excerpt":{"rendered":"<p>Pano amarelo suave ultrafresh.tem um tratamento com cloreto de prata que atrasa o aparecimento de bact\u00e9rias e odores ruins no tecido. sua estrutura 3d recolhe at\u00e9 um 40% mais part\u00edculas e incorpora 30% microfibras para maior absor\u00e7\u00e3o e poder de limpeza. medida: 34 x 34 cm<\/p>\n","protected":false},"featured_media":99498,"comment_status":"open","ping_status":"closed","template":"","meta":[],"product_brand":[],"product_cat":[17928,18010],"product_tag":[],"class_list":{"0":"post-99499","1":"product","2":"type-product","3":"status-publish","4":"has-post-thumbnail","6":"product_cat-roupas-esfregadas-limpeza-e-higiene-pessoal","7":"product_cat-limpeza-higiene-pessoal","9":"first","10":"instock","11":"taxable","12":"shipping-taxable","13":"purchasable","14":"product-type-simple"},"_links":{"self":[{"href":"https:\/\/casafreitas.pt\/loja\/wp-json\/wp\/v2\/product\/99499","targetHints":{"allow":["GET"]}}],"collection":[{"href":"https:\/\/casafreitas.pt\/loja\/wp-json\/wp\/v2\/product"}],"about":[{"href":"https:\/\/casafreitas.pt\/loja\/wp-json\/wp\/v2\/types\/product"}],"replies":[{"embeddable":true,"href":"https:\/\/casafreitas.pt\/loja\/wp-json\/wp\/v2\/comments?post=99499"}],"version-history":[{"count":1,"href":"https:\/\/casafreitas.pt\/loja\/wp-json\/wp\/v2\/product\/99499\/revisions"}],"predecessor-version":[{"id":99500,"href":"https:\/\/casafreitas.pt\/loja\/wp-json\/wp\/v2\/product\/99499\/revisions\/99500"}],"wp:featuredmedia":[{"embeddable":true,"href":"https:\/\/casafreitas.pt\/loja\/wp-json\/wp\/v2\/media\/99498"}],"wp:attachment":[{"href":"https:\/\/casafreitas.pt\/loja\/wp-json\/wp\/v2\/media?parent=99499"}],"wp:term":[{"taxonomy":"product_brand","embeddable":true,"href":"https:\/\/casafreitas.pt\/loja\/wp-json\/wp\/v2\/product_brand?post=99499"},{"taxonomy":"product_cat","embeddable":true,"href":"https:\/\/casafreitas.pt\/loja\/wp-json\/wp\/v2\/product_cat?post=99499"},{"taxonomy":"product_tag","embeddable":true,"href":"https:\/\/casafreitas.pt\/loja\/wp-json\/wp\/v2\/product_tag?post=99499"}],"curies":[{"name":"wp","href":"https:\/\/api.w.org\/{rel}","templated":true}]}}