{"id":99496,"date":"2025-09-30T08:19:41","date_gmt":"2025-09-30T08:19:41","guid":{"rendered":"https:\/\/casafreitas.pt\/loja\/produto\/pano-amarelo-suave-4-2-30-microfibra\/"},"modified":"2025-10-24T02:18:26","modified_gmt":"2025-10-24T02:18:26","slug":"pano-amarelo-suave-4-2-30-microfibra","status":"publish","type":"product","link":"https:\/\/casafreitas.pt\/loja\/produto\/pano-amarelo-suave-4-2-30-microfibra\/","title":{"rendered":"Pano amarelo suave 4 + 2 30% microfibra"},"content":{"rendered":"","protected":false},"excerpt":{"rendered":"<p>Pano amarelo suave 4 + 2 30% microfibra. gra\u00e7as \u00e0 microfibra proporciona um maior poder de limpeza. \u00e9 super absorvente e se usado corretamente permanece sem mau odores durante mais tempo devido aos i\u00f5es de prata. \u00e9 ideal para a limpeza di\u00e1ria tanto em seco como em h\u00famido. 35 x40 cm<\/p>\n","protected":false},"featured_media":99495,"comment_status":"open","ping_status":"closed","template":"","meta":[],"product_brand":[],"product_cat":[17928,18010],"product_tag":[],"class_list":{"0":"post-99496","1":"product","2":"type-product","3":"status-publish","4":"has-post-thumbnail","6":"product_cat-roupas-esfregadas-limpeza-e-higiene-pessoal","7":"product_cat-limpeza-higiene-pessoal","9":"first","10":"instock","11":"taxable","12":"shipping-taxable","13":"purchasable","14":"product-type-simple"},"_links":{"self":[{"href":"https:\/\/casafreitas.pt\/loja\/wp-json\/wp\/v2\/product\/99496","targetHints":{"allow":["GET"]}}],"collection":[{"href":"https:\/\/casafreitas.pt\/loja\/wp-json\/wp\/v2\/product"}],"about":[{"href":"https:\/\/casafreitas.pt\/loja\/wp-json\/wp\/v2\/types\/product"}],"replies":[{"embeddable":true,"href":"https:\/\/casafreitas.pt\/loja\/wp-json\/wp\/v2\/comments?post=99496"}],"version-history":[{"count":1,"href":"https:\/\/casafreitas.pt\/loja\/wp-json\/wp\/v2\/product\/99496\/revisions"}],"predecessor-version":[{"id":99497,"href":"https:\/\/casafreitas.pt\/loja\/wp-json\/wp\/v2\/product\/99496\/revisions\/99497"}],"wp:featuredmedia":[{"embeddable":true,"href":"https:\/\/casafreitas.pt\/loja\/wp-json\/wp\/v2\/media\/99495"}],"wp:attachment":[{"href":"https:\/\/casafreitas.pt\/loja\/wp-json\/wp\/v2\/media?parent=99496"}],"wp:term":[{"taxonomy":"product_brand","embeddable":true,"href":"https:\/\/casafreitas.pt\/loja\/wp-json\/wp\/v2\/product_brand?post=99496"},{"taxonomy":"product_cat","embeddable":true,"href":"https:\/\/casafreitas.pt\/loja\/wp-json\/wp\/v2\/product_cat?post=99496"},{"taxonomy":"product_tag","embeddable":true,"href":"https:\/\/casafreitas.pt\/loja\/wp-json\/wp\/v2\/product_tag?post=99496"}],"curies":[{"name":"wp","href":"https:\/\/api.w.org\/{rel}","templated":true}]}}