{"id":99154,"date":"2025-09-29T14:01:42","date_gmt":"2025-09-29T14:01:42","guid":{"rendered":"https:\/\/casafreitas.pt\/loja\/produto\/limpa-radiadores-1429-o6x80cm-varios-cores\/"},"modified":"2025-10-24T02:18:21","modified_gmt":"2025-10-24T02:18:21","slug":"limpa-radiadores-1429-o6x80cm-varios-cores","status":"publish","type":"product","link":"https:\/\/casafreitas.pt\/loja\/produto\/limpa-radiadores-1429-o6x80cm-varios-cores\/","title":{"rendered":"Limpa radiadores 1429 \u00f86x80cm v\u00e1rios cores"},"content":{"rendered":"","protected":false},"excerpt":{"rendered":"<p>Limpa radiadores 1429 dimens\u00f5es: \u00f86x80cm (diametro\/comprimento) v\u00e1rios cores<\/p>\n","protected":false},"featured_media":99153,"comment_status":"open","ping_status":"closed","template":"","meta":[],"product_brand":[],"product_cat":[17898,18010],"product_tag":[],"class_list":{"0":"post-99154","1":"product","2":"type-product","3":"status-publish","4":"has-post-thumbnail","6":"product_cat-haragan-escovas-limpeza-e-higiene-pessoal","7":"product_cat-limpeza-higiene-pessoal","9":"first","10":"instock","11":"taxable","12":"shipping-taxable","13":"purchasable","14":"product-type-simple"},"_links":{"self":[{"href":"https:\/\/casafreitas.pt\/loja\/wp-json\/wp\/v2\/product\/99154","targetHints":{"allow":["GET"]}}],"collection":[{"href":"https:\/\/casafreitas.pt\/loja\/wp-json\/wp\/v2\/product"}],"about":[{"href":"https:\/\/casafreitas.pt\/loja\/wp-json\/wp\/v2\/types\/product"}],"replies":[{"embeddable":true,"href":"https:\/\/casafreitas.pt\/loja\/wp-json\/wp\/v2\/comments?post=99154"}],"version-history":[{"count":1,"href":"https:\/\/casafreitas.pt\/loja\/wp-json\/wp\/v2\/product\/99154\/revisions"}],"predecessor-version":[{"id":99155,"href":"https:\/\/casafreitas.pt\/loja\/wp-json\/wp\/v2\/product\/99154\/revisions\/99155"}],"wp:featuredmedia":[{"embeddable":true,"href":"https:\/\/casafreitas.pt\/loja\/wp-json\/wp\/v2\/media\/99153"}],"wp:attachment":[{"href":"https:\/\/casafreitas.pt\/loja\/wp-json\/wp\/v2\/media?parent=99154"}],"wp:term":[{"taxonomy":"product_brand","embeddable":true,"href":"https:\/\/casafreitas.pt\/loja\/wp-json\/wp\/v2\/product_brand?post=99154"},{"taxonomy":"product_cat","embeddable":true,"href":"https:\/\/casafreitas.pt\/loja\/wp-json\/wp\/v2\/product_cat?post=99154"},{"taxonomy":"product_tag","embeddable":true,"href":"https:\/\/casafreitas.pt\/loja\/wp-json\/wp\/v2\/product_tag?post=99154"}],"curies":[{"name":"wp","href":"https:\/\/api.w.org\/{rel}","templated":true}]}}