{"id":99094,"date":"2025-09-29T13:57:11","date_gmt":"2025-09-29T13:57:11","guid":{"rendered":"https:\/\/casafreitas.pt\/loja\/produto\/desinfectante-zotal-415ml\/"},"modified":"2025-10-24T02:18:19","modified_gmt":"2025-10-24T02:18:19","slug":"desinfectante-zotal-415ml","status":"publish","type":"product","link":"https:\/\/casafreitas.pt\/loja\/produto\/desinfectante-zotal-415ml\/","title":{"rendered":"Desinfectante zotal 415ml"},"content":{"rendered":"","protected":false},"excerpt":{"rendered":"<p>Zotal desinfectante 415ml desinfectante, fungicida e desodorizante indicado para a desinfec\u00e7\u00e3o geral de todo o tipo de locais e habita\u00e7\u00f5es. com excelente atividade na presen\u00e7a de material org\u00e2nico, acabou com todo tipo de germes nocivos e elimina odores incomodantes. deve ser aplicado em \u00e1reas ventiladas. emulsificado o l\u00edquido (diluido em \u00e1gua) a 5% para rega e lavagem de superf\u00edcies (paredes, piso, etc). a emuls\u00e3o deve ser agitada antes do uso. em banheiros, urinais, latrinas, etc. pode ser usado natureza (sem dilu\u00eddo). zotal\u00ae d est\u00e1 aprovado com o n\u00famero de registro 18-20\/40-09572 no minist\u00e9rio da sa\u00fade, assuntos sociais e igualdade.<\/p>\n","protected":false},"featured_media":99093,"comment_status":"open","ping_status":"closed","template":"","meta":[],"product_brand":[],"product_cat":[17888,18010],"product_tag":[],"class_list":{"0":"post-99094","1":"product","2":"type-product","3":"status-publish","4":"has-post-thumbnail","6":"product_cat-desengordurantes-desinfetantes-industrial-limpeza-e-higiene-pessoal","7":"product_cat-limpeza-higiene-pessoal","9":"first","10":"instock","11":"taxable","12":"shipping-taxable","13":"purchasable","14":"product-type-simple"},"_links":{"self":[{"href":"https:\/\/casafreitas.pt\/loja\/wp-json\/wp\/v2\/product\/99094","targetHints":{"allow":["GET"]}}],"collection":[{"href":"https:\/\/casafreitas.pt\/loja\/wp-json\/wp\/v2\/product"}],"about":[{"href":"https:\/\/casafreitas.pt\/loja\/wp-json\/wp\/v2\/types\/product"}],"replies":[{"embeddable":true,"href":"https:\/\/casafreitas.pt\/loja\/wp-json\/wp\/v2\/comments?post=99094"}],"version-history":[{"count":1,"href":"https:\/\/casafreitas.pt\/loja\/wp-json\/wp\/v2\/product\/99094\/revisions"}],"predecessor-version":[{"id":99095,"href":"https:\/\/casafreitas.pt\/loja\/wp-json\/wp\/v2\/product\/99094\/revisions\/99095"}],"wp:featuredmedia":[{"embeddable":true,"href":"https:\/\/casafreitas.pt\/loja\/wp-json\/wp\/v2\/media\/99093"}],"wp:attachment":[{"href":"https:\/\/casafreitas.pt\/loja\/wp-json\/wp\/v2\/media?parent=99094"}],"wp:term":[{"taxonomy":"product_brand","embeddable":true,"href":"https:\/\/casafreitas.pt\/loja\/wp-json\/wp\/v2\/product_brand?post=99094"},{"taxonomy":"product_cat","embeddable":true,"href":"https:\/\/casafreitas.pt\/loja\/wp-json\/wp\/v2\/product_cat?post=99094"},{"taxonomy":"product_tag","embeddable":true,"href":"https:\/\/casafreitas.pt\/loja\/wp-json\/wp\/v2\/product_tag?post=99094"}],"curies":[{"name":"wp","href":"https:\/\/api.w.org\/{rel}","templated":true}]}}