{"id":98971,"date":"2025-09-29T13:47:33","date_gmt":"2025-09-29T13:47:33","guid":{"rendered":"https:\/\/casafreitas.pt\/loja\/produto\/balde-com-sensor-abertura-automatica-modelo-alfa-cor-prata-preta-42-l\/"},"modified":"2025-10-24T02:17:59","modified_gmt":"2025-10-24T02:17:59","slug":"balde-com-sensor-abertura-automatica-modelo-alfa-cor-prata-preta-42-l","status":"publish","type":"product","link":"https:\/\/casafreitas.pt\/loja\/produto\/balde-com-sensor-abertura-automatica-modelo-alfa-cor-prata-preta-42-l\/","title":{"rendered":"Balde com sensor de abertura autom\u00e1tica modelo alfa cor prata\/preta 42 l"},"content":{"rendered":"","protected":false},"excerpt":{"rendered":"<p>Balde com sensor de abertura autom\u00e1tica. funcionamento: 4 x lr20 (n\u00e3o inclu\u00eddo) tamanho: \u00f830 x 77 cm (di\u00e2metro\/altura) modelo alpha prata\/preto. material: a\u00e7o inoxid\u00e1vel. 42 l<\/p>\n","protected":false},"featured_media":98970,"comment_status":"open","ping_status":"closed","template":"","meta":[],"product_brand":[],"product_cat":[17873,18010],"product_tag":[],"class_list":{"0":"post-98971","1":"product","2":"type-product","3":"status-publish","4":"has-post-thumbnail","6":"product_cat-caixas-de-lixo-limpeza-e-higiene-pessoal","7":"product_cat-limpeza-higiene-pessoal","9":"first","10":"instock","11":"taxable","12":"shipping-taxable","13":"purchasable","14":"product-type-simple"},"_links":{"self":[{"href":"https:\/\/casafreitas.pt\/loja\/wp-json\/wp\/v2\/product\/98971","targetHints":{"allow":["GET"]}}],"collection":[{"href":"https:\/\/casafreitas.pt\/loja\/wp-json\/wp\/v2\/product"}],"about":[{"href":"https:\/\/casafreitas.pt\/loja\/wp-json\/wp\/v2\/types\/product"}],"replies":[{"embeddable":true,"href":"https:\/\/casafreitas.pt\/loja\/wp-json\/wp\/v2\/comments?post=98971"}],"version-history":[{"count":1,"href":"https:\/\/casafreitas.pt\/loja\/wp-json\/wp\/v2\/product\/98971\/revisions"}],"predecessor-version":[{"id":98972,"href":"https:\/\/casafreitas.pt\/loja\/wp-json\/wp\/v2\/product\/98971\/revisions\/98972"}],"wp:featuredmedia":[{"embeddable":true,"href":"https:\/\/casafreitas.pt\/loja\/wp-json\/wp\/v2\/media\/98970"}],"wp:attachment":[{"href":"https:\/\/casafreitas.pt\/loja\/wp-json\/wp\/v2\/media?parent=98971"}],"wp:term":[{"taxonomy":"product_brand","embeddable":true,"href":"https:\/\/casafreitas.pt\/loja\/wp-json\/wp\/v2\/product_brand?post=98971"},{"taxonomy":"product_cat","embeddable":true,"href":"https:\/\/casafreitas.pt\/loja\/wp-json\/wp\/v2\/product_cat?post=98971"},{"taxonomy":"product_tag","embeddable":true,"href":"https:\/\/casafreitas.pt\/loja\/wp-json\/wp\/v2\/product_tag?post=98971"}],"curies":[{"name":"wp","href":"https:\/\/api.w.org\/{rel}","templated":true}]}}