{"id":98935,"date":"2025-09-29T13:44:31","date_gmt":"2025-09-29T13:44:31","guid":{"rendered":"https:\/\/casafreitas.pt\/loja\/produto\/trelliflex-trelica-plastico-05x15m-cor-branco-perfil-laminas-22x6mm-faura\/"},"modified":"2025-10-24T02:17:55","modified_gmt":"2025-10-24T02:17:55","slug":"trelliflex-trelica-plastico-05x15m-cor-branco-perfil-laminas-22x6mm-faura","status":"publish","type":"product","link":"https:\/\/casafreitas.pt\/loja\/produto\/trelliflex-trelica-plastico-05x15m-cor-branco-perfil-laminas-22x6mm-faura\/","title":{"rendered":"Trelliflex treli\u00e7a de pl\u00e1stico 0,5&#215;1,5m cor branco perfil de laminas 22x6mm. faura"},"content":{"rendered":"","protected":false},"excerpt":{"rendered":"<p>Trelliflex treli\u00e7a de pl\u00e1stico 0,5&#215;1,5m cor branco perfil de laminas 22x6mm. dobr\u00e1vel. material: pvc. tratamento anti uv. f\u00e1cil de fixar na parede. faura<\/p>\n","protected":false},"featured_media":98934,"comment_status":"open","ping_status":"closed","template":"","meta":[],"product_brand":[],"product_cat":[17854,18009],"product_tag":[],"class_list":{"0":"post-98935","1":"product","2":"type-product","3":"status-publish","4":"has-post-thumbnail","6":"product_cat-protecao-jardim-e-espaco-exterior","7":"product_cat-jardim-espaco-exterior","9":"first","10":"instock","11":"taxable","12":"shipping-taxable","13":"purchasable","14":"product-type-simple"},"_links":{"self":[{"href":"https:\/\/casafreitas.pt\/loja\/wp-json\/wp\/v2\/product\/98935","targetHints":{"allow":["GET"]}}],"collection":[{"href":"https:\/\/casafreitas.pt\/loja\/wp-json\/wp\/v2\/product"}],"about":[{"href":"https:\/\/casafreitas.pt\/loja\/wp-json\/wp\/v2\/types\/product"}],"replies":[{"embeddable":true,"href":"https:\/\/casafreitas.pt\/loja\/wp-json\/wp\/v2\/comments?post=98935"}],"version-history":[{"count":1,"href":"https:\/\/casafreitas.pt\/loja\/wp-json\/wp\/v2\/product\/98935\/revisions"}],"predecessor-version":[{"id":98936,"href":"https:\/\/casafreitas.pt\/loja\/wp-json\/wp\/v2\/product\/98935\/revisions\/98936"}],"wp:featuredmedia":[{"embeddable":true,"href":"https:\/\/casafreitas.pt\/loja\/wp-json\/wp\/v2\/media\/98934"}],"wp:attachment":[{"href":"https:\/\/casafreitas.pt\/loja\/wp-json\/wp\/v2\/media?parent=98935"}],"wp:term":[{"taxonomy":"product_brand","embeddable":true,"href":"https:\/\/casafreitas.pt\/loja\/wp-json\/wp\/v2\/product_brand?post=98935"},{"taxonomy":"product_cat","embeddable":true,"href":"https:\/\/casafreitas.pt\/loja\/wp-json\/wp\/v2\/product_cat?post=98935"},{"taxonomy":"product_tag","embeddable":true,"href":"https:\/\/casafreitas.pt\/loja\/wp-json\/wp\/v2\/product_tag?post=98935"}],"curies":[{"name":"wp","href":"https:\/\/api.w.org\/{rel}","templated":true}]}}