{"id":98917,"date":"2025-09-29T13:43:08","date_gmt":"2025-09-29T13:43:08","guid":{"rendered":"https:\/\/casafreitas.pt\/loja\/produto\/rolo-malha-protecao-cor-verde-1x25m-quadro-45x45mm-faura\/"},"modified":"2025-10-24T02:17:53","modified_gmt":"2025-10-24T02:17:53","slug":"rolo-malha-protecao-cor-verde-1x25m-quadro-45x45mm-faura","status":"publish","type":"product","link":"https:\/\/casafreitas.pt\/loja\/produto\/rolo-malha-protecao-cor-verde-1x25m-quadro-45x45mm-faura\/","title":{"rendered":"Rolo de malha de prote\u00e7\u00e3o cor verde 1x25m quadro: 4,5&#215;4,5mm faura"},"content":{"rendered":"","protected":false},"excerpt":{"rendered":"<p>Rolo de malha de prote\u00e7\u00e3o cor verde 1x25m quadro: 4,5&#215;4,5mm material: polipropileno termo-soldado. facilmente adapt\u00e1vel a qualquer superf\u00edcie. tratamento anti-uv. faura<\/p>\n","protected":false},"featured_media":98916,"comment_status":"open","ping_status":"closed","template":"","meta":[],"product_brand":[],"product_cat":[17854,18009],"product_tag":[],"class_list":{"0":"post-98917","1":"product","2":"type-product","3":"status-publish","4":"has-post-thumbnail","6":"product_cat-protecao-jardim-e-espaco-exterior","7":"product_cat-jardim-espaco-exterior","9":"first","10":"instock","11":"taxable","12":"shipping-taxable","13":"purchasable","14":"product-type-simple"},"_links":{"self":[{"href":"https:\/\/casafreitas.pt\/loja\/wp-json\/wp\/v2\/product\/98917","targetHints":{"allow":["GET"]}}],"collection":[{"href":"https:\/\/casafreitas.pt\/loja\/wp-json\/wp\/v2\/product"}],"about":[{"href":"https:\/\/casafreitas.pt\/loja\/wp-json\/wp\/v2\/types\/product"}],"replies":[{"embeddable":true,"href":"https:\/\/casafreitas.pt\/loja\/wp-json\/wp\/v2\/comments?post=98917"}],"version-history":[{"count":1,"href":"https:\/\/casafreitas.pt\/loja\/wp-json\/wp\/v2\/product\/98917\/revisions"}],"predecessor-version":[{"id":98918,"href":"https:\/\/casafreitas.pt\/loja\/wp-json\/wp\/v2\/product\/98917\/revisions\/98918"}],"wp:featuredmedia":[{"embeddable":true,"href":"https:\/\/casafreitas.pt\/loja\/wp-json\/wp\/v2\/media\/98916"}],"wp:attachment":[{"href":"https:\/\/casafreitas.pt\/loja\/wp-json\/wp\/v2\/media?parent=98917"}],"wp:term":[{"taxonomy":"product_brand","embeddable":true,"href":"https:\/\/casafreitas.pt\/loja\/wp-json\/wp\/v2\/product_brand?post=98917"},{"taxonomy":"product_cat","embeddable":true,"href":"https:\/\/casafreitas.pt\/loja\/wp-json\/wp\/v2\/product_cat?post=98917"},{"taxonomy":"product_tag","embeddable":true,"href":"https:\/\/casafreitas.pt\/loja\/wp-json\/wp\/v2\/product_tag?post=98917"}],"curies":[{"name":"wp","href":"https:\/\/api.w.org\/{rel}","templated":true}]}}