{"id":98683,"date":"2025-09-29T13:02:56","date_gmt":"2025-09-29T13:02:56","guid":{"rendered":"https:\/\/casafreitas.pt\/loja\/produto\/ba-30-coluna-1-porta-suspensa-koncept\/"},"modified":"2025-10-24T02:08:49","modified_gmt":"2025-10-24T02:08:49","slug":"ba-30-coluna-1-porta-suspensa-koncept","status":"publish","type":"product","link":"https:\/\/casafreitas.pt\/loja\/produto\/ba-30-coluna-1-porta-suspensa-koncept\/","title":{"rendered":"Ba o 30 coluna 1 porta suspensa koncept"},"content":{"rendered":"","protected":false},"excerpt":{"rendered":"<p>Modelo koncept de coluna suspensa de 1 porta. este \u00e9 um m\u00f3vel auxiliar muito completo e ao mesmo tempo pr\u00e1tico. as portas podem ser montadas \u00e0 direita ou \u00e0 esquerda. suas medidas s\u00e3o: 30 cm (largura) x 85 cm (altura) x 25 cm (profundidade). punho abs de alum\u00ednio cinza. v\u00e1rias colunas podem ser unidas usando os tubos de junta fornecidos. servi\u00e7o p\u00f3s-venda gratuito: postventa@fores-group.com<\/p>\n","protected":false},"featured_media":98682,"comment_status":"open","ping_status":"closed","template":"","meta":[],"product_brand":[],"product_cat":[17715,18003],"product_tag":[12849],"class_list":{"0":"post-98683","1":"product","2":"type-product","3":"status-publish","4":"has-post-thumbnail","6":"product_cat-moveis-acessorios-de-casa-de-banho-casa-e-decoracao","7":"product_cat-casa-decoracao","8":"product_tag-arkitmobel","10":"first","11":"instock","12":"taxable","13":"shipping-taxable","14":"purchasable","15":"product-type-simple"},"_links":{"self":[{"href":"https:\/\/casafreitas.pt\/loja\/wp-json\/wp\/v2\/product\/98683","targetHints":{"allow":["GET"]}}],"collection":[{"href":"https:\/\/casafreitas.pt\/loja\/wp-json\/wp\/v2\/product"}],"about":[{"href":"https:\/\/casafreitas.pt\/loja\/wp-json\/wp\/v2\/types\/product"}],"replies":[{"embeddable":true,"href":"https:\/\/casafreitas.pt\/loja\/wp-json\/wp\/v2\/comments?post=98683"}],"version-history":[{"count":1,"href":"https:\/\/casafreitas.pt\/loja\/wp-json\/wp\/v2\/product\/98683\/revisions"}],"predecessor-version":[{"id":98684,"href":"https:\/\/casafreitas.pt\/loja\/wp-json\/wp\/v2\/product\/98683\/revisions\/98684"}],"wp:featuredmedia":[{"embeddable":true,"href":"https:\/\/casafreitas.pt\/loja\/wp-json\/wp\/v2\/media\/98682"}],"wp:attachment":[{"href":"https:\/\/casafreitas.pt\/loja\/wp-json\/wp\/v2\/media?parent=98683"}],"wp:term":[{"taxonomy":"product_brand","embeddable":true,"href":"https:\/\/casafreitas.pt\/loja\/wp-json\/wp\/v2\/product_brand?post=98683"},{"taxonomy":"product_cat","embeddable":true,"href":"https:\/\/casafreitas.pt\/loja\/wp-json\/wp\/v2\/product_cat?post=98683"},{"taxonomy":"product_tag","embeddable":true,"href":"https:\/\/casafreitas.pt\/loja\/wp-json\/wp\/v2\/product_tag?post=98683"}],"curies":[{"name":"wp","href":"https:\/\/api.w.org\/{rel}","templated":true}]}}