{"id":98584,"date":"2025-09-29T12:56:02","date_gmt":"2025-09-29T12:56:02","guid":{"rendered":"https:\/\/casafreitas.pt\/loja\/produto\/pa-dobravel-multi-ideal-pro-cellfast\/"},"modified":"2025-10-24T02:08:36","modified_gmt":"2025-10-24T02:08:36","slug":"pa-dobravel-multi-ideal-pro-cellfast","status":"publish","type":"product","link":"https:\/\/casafreitas.pt\/loja\/produto\/pa-dobravel-multi-ideal-pro-cellfast\/","title":{"rendered":"P\u00e1 dobr\u00e1vel multi ideal pro cellfast"},"content":{"rendered":"","protected":false},"excerpt":{"rendered":"<p>P\u00e1 (+picarreta) totalmente dobr\u00e1vel, ideal campismo e montanha. ocupa apenas 19cm dobrado e 46cm montado. com um superf\u00edcie de trabalho de 11cm, transforma-se em picarreta para maior versatilidade e aproveitamento. cabo ergon\u00f3mico<\/p>\n","protected":false},"featured_media":98583,"comment_status":"open","ping_status":"closed","template":"","meta":[],"product_brand":[],"product_cat":[17836,18009],"product_tag":[],"class_list":{"0":"post-98584","1":"product","2":"type-product","3":"status-publish","4":"has-post-thumbnail","6":"product_cat-ferramentas-de-jardim-campo-jardim-e-espaco-exterior","7":"product_cat-jardim-espaco-exterior","9":"first","10":"instock","11":"taxable","12":"shipping-taxable","13":"purchasable","14":"product-type-simple"},"_links":{"self":[{"href":"https:\/\/casafreitas.pt\/loja\/wp-json\/wp\/v2\/product\/98584","targetHints":{"allow":["GET"]}}],"collection":[{"href":"https:\/\/casafreitas.pt\/loja\/wp-json\/wp\/v2\/product"}],"about":[{"href":"https:\/\/casafreitas.pt\/loja\/wp-json\/wp\/v2\/types\/product"}],"replies":[{"embeddable":true,"href":"https:\/\/casafreitas.pt\/loja\/wp-json\/wp\/v2\/comments?post=98584"}],"version-history":[{"count":1,"href":"https:\/\/casafreitas.pt\/loja\/wp-json\/wp\/v2\/product\/98584\/revisions"}],"predecessor-version":[{"id":98585,"href":"https:\/\/casafreitas.pt\/loja\/wp-json\/wp\/v2\/product\/98584\/revisions\/98585"}],"wp:featuredmedia":[{"embeddable":true,"href":"https:\/\/casafreitas.pt\/loja\/wp-json\/wp\/v2\/media\/98583"}],"wp:attachment":[{"href":"https:\/\/casafreitas.pt\/loja\/wp-json\/wp\/v2\/media?parent=98584"}],"wp:term":[{"taxonomy":"product_brand","embeddable":true,"href":"https:\/\/casafreitas.pt\/loja\/wp-json\/wp\/v2\/product_brand?post=98584"},{"taxonomy":"product_cat","embeddable":true,"href":"https:\/\/casafreitas.pt\/loja\/wp-json\/wp\/v2\/product_cat?post=98584"},{"taxonomy":"product_tag","embeddable":true,"href":"https:\/\/casafreitas.pt\/loja\/wp-json\/wp\/v2\/product_tag?post=98584"}],"curies":[{"name":"wp","href":"https:\/\/api.w.org\/{rel}","templated":true}]}}