{"id":98521,"date":"2025-09-29T12:51:31","date_gmt":"2025-09-29T12:51:31","guid":{"rendered":"https:\/\/casafreitas.pt\/loja\/produto\/bau-alpha-alp22can-ipae-progarden\/"},"modified":"2025-10-24T02:08:19","modified_gmt":"2025-10-24T02:08:19","slug":"bau-alpha-alp22can-ipae-progarden","status":"publish","type":"product","link":"https:\/\/casafreitas.pt\/loja\/produto\/bau-alpha-alp22can-ipae-progarden\/","title":{"rendered":"Ba\u00fa alpha alp22can ipae progarden"},"content":{"rendered":"","protected":false},"excerpt":{"rendered":"<p>Ba\u00fa alpha alp22can ipae progarden. ba\u00fa alpha antracita com 4 rodas 118x59x57cm<\/p>\n","protected":false},"featured_media":98520,"comment_status":"open","ping_status":"closed","template":"","meta":[],"product_brand":[],"product_cat":[17819,18009],"product_tag":[],"class_list":{"0":"post-98521","1":"product","2":"type-product","3":"status-publish","4":"has-post-thumbnail","6":"product_cat-armarios-jardim-e-espaco-exterior","7":"product_cat-jardim-espaco-exterior","9":"first","10":"instock","11":"taxable","12":"shipping-taxable","13":"purchasable","14":"product-type-simple"},"_links":{"self":[{"href":"https:\/\/casafreitas.pt\/loja\/wp-json\/wp\/v2\/product\/98521","targetHints":{"allow":["GET"]}}],"collection":[{"href":"https:\/\/casafreitas.pt\/loja\/wp-json\/wp\/v2\/product"}],"about":[{"href":"https:\/\/casafreitas.pt\/loja\/wp-json\/wp\/v2\/types\/product"}],"replies":[{"embeddable":true,"href":"https:\/\/casafreitas.pt\/loja\/wp-json\/wp\/v2\/comments?post=98521"}],"version-history":[{"count":1,"href":"https:\/\/casafreitas.pt\/loja\/wp-json\/wp\/v2\/product\/98521\/revisions"}],"predecessor-version":[{"id":98522,"href":"https:\/\/casafreitas.pt\/loja\/wp-json\/wp\/v2\/product\/98521\/revisions\/98522"}],"wp:featuredmedia":[{"embeddable":true,"href":"https:\/\/casafreitas.pt\/loja\/wp-json\/wp\/v2\/media\/98520"}],"wp:attachment":[{"href":"https:\/\/casafreitas.pt\/loja\/wp-json\/wp\/v2\/media?parent=98521"}],"wp:term":[{"taxonomy":"product_brand","embeddable":true,"href":"https:\/\/casafreitas.pt\/loja\/wp-json\/wp\/v2\/product_brand?post=98521"},{"taxonomy":"product_cat","embeddable":true,"href":"https:\/\/casafreitas.pt\/loja\/wp-json\/wp\/v2\/product_cat?post=98521"},{"taxonomy":"product_tag","embeddable":true,"href":"https:\/\/casafreitas.pt\/loja\/wp-json\/wp\/v2\/product_tag?post=98521"}],"curies":[{"name":"wp","href":"https:\/\/api.w.org\/{rel}","templated":true}]}}