{"id":98488,"date":"2025-09-29T12:49:06","date_gmt":"2025-09-29T12:49:06","guid":{"rendered":"https:\/\/casafreitas.pt\/loja\/produto\/conjunto-jardim-terraco-sofacadeiraomesa-sofa-190x66x72-cadeirao-74x76x72cm-mesa-57x57x34cm-manhattan-graphite-sp-berner\/"},"modified":"2025-10-24T02:08:14","modified_gmt":"2025-10-24T02:08:14","slug":"conjunto-jardim-terraco-sofacadeiraomesa-sofa-190x66x72-cadeirao-74x76x72cm-mesa-57x57x34cm-manhattan-graphite-sp-berner","status":"publish","type":"product","link":"https:\/\/casafreitas.pt\/loja\/produto\/conjunto-jardim-terraco-sofacadeiraomesa-sofa-190x66x72-cadeirao-74x76x72cm-mesa-57x57x34cm-manhattan-graphite-sp-berner\/","title":{"rendered":"Conjunto jardim\/terra\u00e7o sof\u00e1+cadeir\u00e3o+mesa sof\u00e1: 190x66x72 cadeir\u00e3o: 74x76x72cm mesa: 57x57x34cm manhattan graphite sp berner"},"content":{"rendered":"","protected":false},"excerpt":{"rendered":"<p>Conjunto manhattan grafite sp berner. conjunto chaise longue com textura rattan plano composto por sof\u00e1 de tr\u00eas lugares, cadeir\u00e3o \u00fanica, pouf e mesa. fabricado em espanha com materiais reciclados. medidas do sof\u00e1: 72x66x190cm, cadeir\u00e3o: 72x66x74cm, mesa: 34x57x57cm. pouf: 39x56x56cm (alto\/profundo\/largo). resistente aos uv, resistente \u00e0 chuva, f\u00e1cil de limpar. feito inteiramente em resina. almofadas cinzentas inclu\u00eddas<\/p>\n","protected":false},"featured_media":98487,"comment_status":"open","ping_status":"closed","template":"","meta":[],"product_brand":[],"product_cat":[17832,18009],"product_tag":[],"class_list":{"0":"post-98488","1":"product","2":"type-product","3":"status-publish","4":"has-post-thumbnail","6":"product_cat-conjunto-mesa-de-jardim-jardim-e-espaco-exterior","7":"product_cat-jardim-espaco-exterior","9":"first","10":"instock","11":"taxable","12":"shipping-taxable","13":"purchasable","14":"product-type-simple"},"_links":{"self":[{"href":"https:\/\/casafreitas.pt\/loja\/wp-json\/wp\/v2\/product\/98488","targetHints":{"allow":["GET"]}}],"collection":[{"href":"https:\/\/casafreitas.pt\/loja\/wp-json\/wp\/v2\/product"}],"about":[{"href":"https:\/\/casafreitas.pt\/loja\/wp-json\/wp\/v2\/types\/product"}],"replies":[{"embeddable":true,"href":"https:\/\/casafreitas.pt\/loja\/wp-json\/wp\/v2\/comments?post=98488"}],"version-history":[{"count":1,"href":"https:\/\/casafreitas.pt\/loja\/wp-json\/wp\/v2\/product\/98488\/revisions"}],"predecessor-version":[{"id":98489,"href":"https:\/\/casafreitas.pt\/loja\/wp-json\/wp\/v2\/product\/98488\/revisions\/98489"}],"wp:featuredmedia":[{"embeddable":true,"href":"https:\/\/casafreitas.pt\/loja\/wp-json\/wp\/v2\/media\/98487"}],"wp:attachment":[{"href":"https:\/\/casafreitas.pt\/loja\/wp-json\/wp\/v2\/media?parent=98488"}],"wp:term":[{"taxonomy":"product_brand","embeddable":true,"href":"https:\/\/casafreitas.pt\/loja\/wp-json\/wp\/v2\/product_brand?post=98488"},{"taxonomy":"product_cat","embeddable":true,"href":"https:\/\/casafreitas.pt\/loja\/wp-json\/wp\/v2\/product_cat?post=98488"},{"taxonomy":"product_tag","embeddable":true,"href":"https:\/\/casafreitas.pt\/loja\/wp-json\/wp\/v2\/product_tag?post=98488"}],"curies":[{"name":"wp","href":"https:\/\/api.w.org\/{rel}","templated":true}]}}