{"id":98449,"date":"2025-09-29T12:46:20","date_gmt":"2025-09-29T12:46:20","guid":{"rendered":"https:\/\/casafreitas.pt\/loja\/produto\/espreguicadeira-dobravel-com-rodas-cor-branco-72x195x101cm-modelo-zircone-ipae-progarden\/"},"modified":"2025-10-24T02:08:09","modified_gmt":"2025-10-24T02:08:09","slug":"espreguicadeira-dobravel-com-rodas-cor-branco-72x195x101cm-modelo-zircone-ipae-progarden","status":"publish","type":"product","link":"https:\/\/casafreitas.pt\/loja\/produto\/espreguicadeira-dobravel-com-rodas-cor-branco-72x195x101cm-modelo-zircone-ipae-progarden\/","title":{"rendered":"Espregui\u00e7adeira dobr\u00e1vel com rodas. cor: branco 72x195x101cm modelo: zircone ipae progarden"},"content":{"rendered":"","protected":false},"excerpt":{"rendered":"<p>Espregui\u00e7adeira dobr\u00e1vel com rodas. cor: branco 72x195x101cm (largura\/profundidade\/altura) modelo: zircone. peso: 13,4kg. feito com polipropileno. ipae progarden. aten\u00e7\u00e3o: s\u00f3 para uso dom\u00e9stico<\/p>\n","protected":false},"featured_media":98448,"comment_status":"open","ping_status":"closed","template":"","meta":[],"product_brand":[],"product_cat":[17825,18009],"product_tag":[],"class_list":{"0":"post-98449","1":"product","2":"type-product","3":"status-publish","4":"has-post-thumbnail","6":"product_cat-cadeiras-espreguicadeiras-de-jardim-jardim-e-espaco-exterior","7":"product_cat-jardim-espaco-exterior","9":"first","10":"instock","11":"taxable","12":"shipping-taxable","13":"purchasable","14":"product-type-simple"},"_links":{"self":[{"href":"https:\/\/casafreitas.pt\/loja\/wp-json\/wp\/v2\/product\/98449","targetHints":{"allow":["GET"]}}],"collection":[{"href":"https:\/\/casafreitas.pt\/loja\/wp-json\/wp\/v2\/product"}],"about":[{"href":"https:\/\/casafreitas.pt\/loja\/wp-json\/wp\/v2\/types\/product"}],"replies":[{"embeddable":true,"href":"https:\/\/casafreitas.pt\/loja\/wp-json\/wp\/v2\/comments?post=98449"}],"version-history":[{"count":1,"href":"https:\/\/casafreitas.pt\/loja\/wp-json\/wp\/v2\/product\/98449\/revisions"}],"predecessor-version":[{"id":98450,"href":"https:\/\/casafreitas.pt\/loja\/wp-json\/wp\/v2\/product\/98449\/revisions\/98450"}],"wp:featuredmedia":[{"embeddable":true,"href":"https:\/\/casafreitas.pt\/loja\/wp-json\/wp\/v2\/media\/98448"}],"wp:attachment":[{"href":"https:\/\/casafreitas.pt\/loja\/wp-json\/wp\/v2\/media?parent=98449"}],"wp:term":[{"taxonomy":"product_brand","embeddable":true,"href":"https:\/\/casafreitas.pt\/loja\/wp-json\/wp\/v2\/product_brand?post=98449"},{"taxonomy":"product_cat","embeddable":true,"href":"https:\/\/casafreitas.pt\/loja\/wp-json\/wp\/v2\/product_cat?post=98449"},{"taxonomy":"product_tag","embeddable":true,"href":"https:\/\/casafreitas.pt\/loja\/wp-json\/wp\/v2\/product_tag?post=98449"}],"curies":[{"name":"wp","href":"https:\/\/api.w.org\/{rel}","templated":true}]}}