{"id":98440,"date":"2025-09-29T12:45:39","date_gmt":"2025-09-29T12:45:39","guid":{"rendered":"https:\/\/casafreitas.pt\/loja\/produto\/base-para-chapeu-de-sol-16-l-cor-branco-44x44x12cm-ipae-progarden\/"},"modified":"2025-10-24T02:08:06","modified_gmt":"2025-10-24T02:08:06","slug":"base-para-chapeu-de-sol-16-l-cor-branco-44x44x12cm-ipae-progarden","status":"publish","type":"product","link":"https:\/\/casafreitas.pt\/loja\/produto\/base-para-chapeu-de-sol-16-l-cor-branco-44x44x12cm-ipae-progarden\/","title":{"rendered":"Base para chap\u00e9u-de-sol 16 l cor: branco 44x44x12cm ipae progarden"},"content":{"rendered":"","protected":false},"excerpt":{"rendered":"<p>Base para chap\u00e9u-de-sol 16 l cor: branco 44x44x12cm resina. di\u00e2metro do tubo expans\u00edvel de 21 a 32mm iae progarden<\/p>\n","protected":false},"featured_media":98439,"comment_status":"open","ping_status":"closed","template":"","meta":[],"product_brand":[],"product_cat":[17839,18009],"product_tag":[],"class_list":{"0":"post-98440","1":"product","2":"type-product","3":"status-publish","4":"has-post-thumbnail","6":"product_cat-guarda-sol-bases-jardim-e-espaco-exterior","7":"product_cat-jardim-espaco-exterior","9":"first","10":"instock","11":"taxable","12":"shipping-taxable","13":"purchasable","14":"product-type-simple"},"_links":{"self":[{"href":"https:\/\/casafreitas.pt\/loja\/wp-json\/wp\/v2\/product\/98440","targetHints":{"allow":["GET"]}}],"collection":[{"href":"https:\/\/casafreitas.pt\/loja\/wp-json\/wp\/v2\/product"}],"about":[{"href":"https:\/\/casafreitas.pt\/loja\/wp-json\/wp\/v2\/types\/product"}],"replies":[{"embeddable":true,"href":"https:\/\/casafreitas.pt\/loja\/wp-json\/wp\/v2\/comments?post=98440"}],"version-history":[{"count":1,"href":"https:\/\/casafreitas.pt\/loja\/wp-json\/wp\/v2\/product\/98440\/revisions"}],"predecessor-version":[{"id":98441,"href":"https:\/\/casafreitas.pt\/loja\/wp-json\/wp\/v2\/product\/98440\/revisions\/98441"}],"wp:featuredmedia":[{"embeddable":true,"href":"https:\/\/casafreitas.pt\/loja\/wp-json\/wp\/v2\/media\/98439"}],"wp:attachment":[{"href":"https:\/\/casafreitas.pt\/loja\/wp-json\/wp\/v2\/media?parent=98440"}],"wp:term":[{"taxonomy":"product_brand","embeddable":true,"href":"https:\/\/casafreitas.pt\/loja\/wp-json\/wp\/v2\/product_brand?post=98440"},{"taxonomy":"product_cat","embeddable":true,"href":"https:\/\/casafreitas.pt\/loja\/wp-json\/wp\/v2\/product_cat?post=98440"},{"taxonomy":"product_tag","embeddable":true,"href":"https:\/\/casafreitas.pt\/loja\/wp-json\/wp\/v2\/product_tag?post=98440"}],"curies":[{"name":"wp","href":"https:\/\/api.w.org\/{rel}","templated":true}]}}