{"id":98392,"date":"2025-09-29T12:42:02","date_gmt":"2025-09-29T12:42:02","guid":{"rendered":"https:\/\/casafreitas.pt\/loja\/produto\/cadeira-dobravel-cor-antracita-bir80can-ipae-progarden\/"},"modified":"2025-10-24T02:07:56","modified_gmt":"2025-10-24T02:07:56","slug":"cadeira-dobravel-cor-antracita-bir80can-ipae-progarden","status":"publish","type":"product","link":"https:\/\/casafreitas.pt\/loja\/produto\/cadeira-dobravel-cor-antracita-bir80can-ipae-progarden\/","title":{"rendered":"Cadeira dobr\u00e1vel cor antracita bir80can ipae-progarden."},"content":{"rendered":"","protected":false},"excerpt":{"rendered":"<p>Cadeira dobr\u00e1vel cor antracita bir80can ipae-progarden. cadeira dobr\u00e1vel. cor: antracita 44x41x78cm, n\u00e3o \u00e9 adequado para uso profissional, apenas para uso dosm\u00e9tico.<\/p>\n","protected":false},"featured_media":98391,"comment_status":"open","ping_status":"closed","template":"","meta":[],"product_brand":[],"product_cat":[17825,18009],"product_tag":[],"class_list":{"0":"post-98392","1":"product","2":"type-product","3":"status-publish","4":"has-post-thumbnail","6":"product_cat-cadeiras-espreguicadeiras-de-jardim-jardim-e-espaco-exterior","7":"product_cat-jardim-espaco-exterior","9":"first","10":"instock","11":"taxable","12":"shipping-taxable","13":"purchasable","14":"product-type-simple"},"_links":{"self":[{"href":"https:\/\/casafreitas.pt\/loja\/wp-json\/wp\/v2\/product\/98392","targetHints":{"allow":["GET"]}}],"collection":[{"href":"https:\/\/casafreitas.pt\/loja\/wp-json\/wp\/v2\/product"}],"about":[{"href":"https:\/\/casafreitas.pt\/loja\/wp-json\/wp\/v2\/types\/product"}],"replies":[{"embeddable":true,"href":"https:\/\/casafreitas.pt\/loja\/wp-json\/wp\/v2\/comments?post=98392"}],"version-history":[{"count":1,"href":"https:\/\/casafreitas.pt\/loja\/wp-json\/wp\/v2\/product\/98392\/revisions"}],"predecessor-version":[{"id":98393,"href":"https:\/\/casafreitas.pt\/loja\/wp-json\/wp\/v2\/product\/98392\/revisions\/98393"}],"wp:featuredmedia":[{"embeddable":true,"href":"https:\/\/casafreitas.pt\/loja\/wp-json\/wp\/v2\/media\/98391"}],"wp:attachment":[{"href":"https:\/\/casafreitas.pt\/loja\/wp-json\/wp\/v2\/media?parent=98392"}],"wp:term":[{"taxonomy":"product_brand","embeddable":true,"href":"https:\/\/casafreitas.pt\/loja\/wp-json\/wp\/v2\/product_brand?post=98392"},{"taxonomy":"product_cat","embeddable":true,"href":"https:\/\/casafreitas.pt\/loja\/wp-json\/wp\/v2\/product_cat?post=98392"},{"taxonomy":"product_tag","embeddable":true,"href":"https:\/\/casafreitas.pt\/loja\/wp-json\/wp\/v2\/product_tag?post=98392"}],"curies":[{"name":"wp","href":"https:\/\/api.w.org\/{rel}","templated":true}]}}