{"id":98299,"date":"2025-09-29T12:34:25","date_gmt":"2025-09-29T12:34:25","guid":{"rendered":"https:\/\/casafreitas.pt\/loja\/produto\/perna-2-posicoes-75x64x58cm-astigarraga\/"},"modified":"2025-10-24T02:07:46","modified_gmt":"2025-10-24T02:07:46","slug":"perna-2-posicoes-75x64x58cm-astigarraga","status":"publish","type":"product","link":"https:\/\/casafreitas.pt\/loja\/produto\/perna-2-posicoes-75x64x58cm-astigarraga\/","title":{"rendered":"Perna, 2 posi\u00e7\u00f5es 75x64x5,8cm. astigarraga"},"content":{"rendered":"","protected":false},"excerpt":{"rendered":"<p>Perna de madeira bok, ideais para criar uma mesa de jantar ou uma secret\u00e1ria, s\u00e3o pernas de madeira que podem ser montadas em duas posi\u00e7\u00f5es diferentes. somente tem que jogar com 4 ripas centrais. pode deixar a estrutura de madeira com acabamento natural ou pintar, medidas: 75x64x5,8. astigarraga<\/p>\n","protected":false},"featured_media":98298,"comment_status":"open","ping_status":"closed","template":"","meta":[],"product_brand":[],"product_cat":[17713,18003],"product_tag":[],"class_list":{"0":"post-98299","1":"product","2":"type-product","3":"status-publish","4":"has-post-thumbnail","6":"product_cat-mesas-tabuas-cavaletes-casa-e-decoracao","7":"product_cat-casa-decoracao","9":"first","10":"instock","11":"taxable","12":"shipping-taxable","13":"purchasable","14":"product-type-simple"},"_links":{"self":[{"href":"https:\/\/casafreitas.pt\/loja\/wp-json\/wp\/v2\/product\/98299","targetHints":{"allow":["GET"]}}],"collection":[{"href":"https:\/\/casafreitas.pt\/loja\/wp-json\/wp\/v2\/product"}],"about":[{"href":"https:\/\/casafreitas.pt\/loja\/wp-json\/wp\/v2\/types\/product"}],"replies":[{"embeddable":true,"href":"https:\/\/casafreitas.pt\/loja\/wp-json\/wp\/v2\/comments?post=98299"}],"version-history":[{"count":1,"href":"https:\/\/casafreitas.pt\/loja\/wp-json\/wp\/v2\/product\/98299\/revisions"}],"predecessor-version":[{"id":98300,"href":"https:\/\/casafreitas.pt\/loja\/wp-json\/wp\/v2\/product\/98299\/revisions\/98300"}],"wp:featuredmedia":[{"embeddable":true,"href":"https:\/\/casafreitas.pt\/loja\/wp-json\/wp\/v2\/media\/98298"}],"wp:attachment":[{"href":"https:\/\/casafreitas.pt\/loja\/wp-json\/wp\/v2\/media?parent=98299"}],"wp:term":[{"taxonomy":"product_brand","embeddable":true,"href":"https:\/\/casafreitas.pt\/loja\/wp-json\/wp\/v2\/product_brand?post=98299"},{"taxonomy":"product_cat","embeddable":true,"href":"https:\/\/casafreitas.pt\/loja\/wp-json\/wp\/v2\/product_cat?post=98299"},{"taxonomy":"product_tag","embeddable":true,"href":"https:\/\/casafreitas.pt\/loja\/wp-json\/wp\/v2\/product_tag?post=98299"}],"curies":[{"name":"wp","href":"https:\/\/api.w.org\/{rel}","templated":true}]}}