{"id":98278,"date":"2025-09-29T12:32:47","date_gmt":"2025-09-29T12:32:47","guid":{"rendered":"https:\/\/casafreitas.pt\/loja\/produto\/placa-madeira-macica-pinho-160x80x3cm-astigarraga\/"},"modified":"2025-10-24T02:07:43","modified_gmt":"2025-10-24T02:07:43","slug":"placa-madeira-macica-pinho-160x80x3cm-astigarraga","status":"publish","type":"product","link":"https:\/\/casafreitas.pt\/loja\/produto\/placa-madeira-macica-pinho-160x80x3cm-astigarraga\/","title":{"rendered":"Placa de madeira maci\u00e7a de pinho 160x80x3cm astigarraga"},"content":{"rendered":"","protected":false},"excerpt":{"rendered":"<p>Placa de madeira maci\u00e7a de pinho, ideal para criar uma mesa de jantar para seis pessoas, com espessura de 3cm, sem envernizar. pode deixar a superf\u00edcie com a sua cor natural, ou pode pintar ou envernizar. se a placa for exposta diretamente a condi\u00e7\u00f5es clim\u00e1ticas adversas, recomenda-se a aplica\u00e7\u00e3o de verniz medidas: 160x80cm. astigarraga<\/p>\n","protected":false},"featured_media":98277,"comment_status":"open","ping_status":"closed","template":"","meta":[],"product_brand":[],"product_cat":[17713,18003],"product_tag":[],"class_list":{"0":"post-98278","1":"product","2":"type-product","3":"status-publish","4":"has-post-thumbnail","6":"product_cat-mesas-tabuas-cavaletes-casa-e-decoracao","7":"product_cat-casa-decoracao","9":"first","10":"instock","11":"taxable","12":"shipping-taxable","13":"purchasable","14":"product-type-simple"},"_links":{"self":[{"href":"https:\/\/casafreitas.pt\/loja\/wp-json\/wp\/v2\/product\/98278","targetHints":{"allow":["GET"]}}],"collection":[{"href":"https:\/\/casafreitas.pt\/loja\/wp-json\/wp\/v2\/product"}],"about":[{"href":"https:\/\/casafreitas.pt\/loja\/wp-json\/wp\/v2\/types\/product"}],"replies":[{"embeddable":true,"href":"https:\/\/casafreitas.pt\/loja\/wp-json\/wp\/v2\/comments?post=98278"}],"version-history":[{"count":1,"href":"https:\/\/casafreitas.pt\/loja\/wp-json\/wp\/v2\/product\/98278\/revisions"}],"predecessor-version":[{"id":98279,"href":"https:\/\/casafreitas.pt\/loja\/wp-json\/wp\/v2\/product\/98278\/revisions\/98279"}],"wp:featuredmedia":[{"embeddable":true,"href":"https:\/\/casafreitas.pt\/loja\/wp-json\/wp\/v2\/media\/98277"}],"wp:attachment":[{"href":"https:\/\/casafreitas.pt\/loja\/wp-json\/wp\/v2\/media?parent=98278"}],"wp:term":[{"taxonomy":"product_brand","embeddable":true,"href":"https:\/\/casafreitas.pt\/loja\/wp-json\/wp\/v2\/product_brand?post=98278"},{"taxonomy":"product_cat","embeddable":true,"href":"https:\/\/casafreitas.pt\/loja\/wp-json\/wp\/v2\/product_cat?post=98278"},{"taxonomy":"product_tag","embeddable":true,"href":"https:\/\/casafreitas.pt\/loja\/wp-json\/wp\/v2\/product_tag?post=98278"}],"curies":[{"name":"wp","href":"https:\/\/api.w.org\/{rel}","templated":true}]}}