{"id":98188,"date":"2025-09-29T12:26:38","date_gmt":"2025-09-29T12:26:38","guid":{"rendered":"https:\/\/casafreitas.pt\/loja\/produto\/moveis-40-1-porta-espelho-lavatorio-compacta\/"},"modified":"2025-10-24T02:07:33","modified_gmt":"2025-10-24T02:07:33","slug":"moveis-40-1-porta-espelho-lavatorio-compacta","status":"publish","type":"product","link":"https:\/\/casafreitas.pt\/loja\/produto\/moveis-40-1-porta-espelho-lavatorio-compacta\/","title":{"rendered":"M\u00f3veis 40 1 porta + espelho + lavat\u00f3rio compacta"},"content":{"rendered":"","protected":false},"excerpt":{"rendered":"<p>M\u00f3veis de casa de banho compactos com acabamento na cor carvalho alaska. modelo para casas de banho pequenas e estreitas gra\u00e7as \u00e0 sua pouca profundidade. projeto f\u00e1cil e pr\u00e1tico feito em melamina de alta qualidade, inclui lavat\u00f3rio e espelho em resina. o arm\u00e1rio inferior tem uma prateleira de altura ajust\u00e1vel e dobradi\u00e7as macias com fecho progressivo. al\u00e9m disso, a porta pode ser montada com abertura de um lado e do outro. inclui os dispositivos para fixa\u00e7\u00e3o do m\u00f3vel \u00e0 parede. medidas do arm\u00e1rio de lavat\u00f3rio: altura 58 cm largura 40 cm profundidade 22 cm; espelho: altura 50 cm largura 40 cm profundidade 1,8 cm; lavat\u00f3rio: altura 2,5 cm largura 40 cm profundidade 22 cm. (torneiras, sif\u00e3o e v\u00e1lvula n\u00e3o inclu\u00eddos). servi\u00e7o p\u00f3s-venda gratuito: postventa@fores-group.com<\/p>\n","protected":false},"featured_media":98187,"comment_status":"open","ping_status":"closed","template":"","meta":[],"product_brand":[],"product_cat":[17715,18003],"product_tag":[12849],"class_list":{"0":"post-98188","1":"product","2":"type-product","3":"status-publish","4":"has-post-thumbnail","6":"product_cat-moveis-acessorios-de-casa-de-banho-casa-e-decoracao","7":"product_cat-casa-decoracao","8":"product_tag-arkitmobel","10":"first","11":"instock","12":"taxable","13":"shipping-taxable","14":"purchasable","15":"product-type-simple"},"_links":{"self":[{"href":"https:\/\/casafreitas.pt\/loja\/wp-json\/wp\/v2\/product\/98188","targetHints":{"allow":["GET"]}}],"collection":[{"href":"https:\/\/casafreitas.pt\/loja\/wp-json\/wp\/v2\/product"}],"about":[{"href":"https:\/\/casafreitas.pt\/loja\/wp-json\/wp\/v2\/types\/product"}],"replies":[{"embeddable":true,"href":"https:\/\/casafreitas.pt\/loja\/wp-json\/wp\/v2\/comments?post=98188"}],"version-history":[{"count":1,"href":"https:\/\/casafreitas.pt\/loja\/wp-json\/wp\/v2\/product\/98188\/revisions"}],"predecessor-version":[{"id":98189,"href":"https:\/\/casafreitas.pt\/loja\/wp-json\/wp\/v2\/product\/98188\/revisions\/98189"}],"wp:featuredmedia":[{"embeddable":true,"href":"https:\/\/casafreitas.pt\/loja\/wp-json\/wp\/v2\/media\/98187"}],"wp:attachment":[{"href":"https:\/\/casafreitas.pt\/loja\/wp-json\/wp\/v2\/media?parent=98188"}],"wp:term":[{"taxonomy":"product_brand","embeddable":true,"href":"https:\/\/casafreitas.pt\/loja\/wp-json\/wp\/v2\/product_brand?post=98188"},{"taxonomy":"product_cat","embeddable":true,"href":"https:\/\/casafreitas.pt\/loja\/wp-json\/wp\/v2\/product_cat?post=98188"},{"taxonomy":"product_tag","embeddable":true,"href":"https:\/\/casafreitas.pt\/loja\/wp-json\/wp\/v2\/product_tag?post=98188"}],"curies":[{"name":"wp","href":"https:\/\/api.w.org\/{rel}","templated":true}]}}