{"id":98146,"date":"2025-09-29T12:24:04","date_gmt":"2025-09-29T12:24:04","guid":{"rendered":"https:\/\/casafreitas.pt\/loja\/produto\/estante-metalica-sem-parafusos-simonclick-5-400-simon-rack\/"},"modified":"2025-10-24T02:07:27","modified_gmt":"2025-10-24T02:07:27","slug":"estante-metalica-sem-parafusos-simonclick-5-400-simon-rack","status":"publish","type":"product","link":"https:\/\/casafreitas.pt\/loja\/produto\/estante-metalica-sem-parafusos-simonclick-5-400-simon-rack\/","title":{"rendered":"Estante met\u00e1lica sem parafusos simonclick 5\/400 simon rack"},"content":{"rendered":"","protected":false},"excerpt":{"rendered":"<p>Estante met\u00e1lica sem parafusos de cor azul\/branco com capacidade de carga por prateleira de 180kg. n\u00famero de prateleiras 5, medidas 1800x900x400mm (altura\/largura\/profundidade). a \u00fanica estante que permite p\u00f4r as prateleiras em tr\u00eas posi\u00e7\u00f5es diferentes. produto espanhol. qualidade europeia. medidas do produto montado: 1749x910x410mm<\/p>\n","protected":false},"featured_media":98145,"comment_status":"open","ping_status":"closed","template":"","meta":[],"product_brand":[],"product_cat":[17723,18003],"product_tag":[],"class_list":{"0":"post-98146","1":"product","2":"type-product","3":"status-publish","4":"has-post-thumbnail","6":"product_cat-prateleiras-armarios-metalicos-casa-e-decoracao","7":"product_cat-casa-decoracao","9":"first","10":"instock","11":"taxable","12":"shipping-taxable","13":"purchasable","14":"product-type-simple"},"_links":{"self":[{"href":"https:\/\/casafreitas.pt\/loja\/wp-json\/wp\/v2\/product\/98146","targetHints":{"allow":["GET"]}}],"collection":[{"href":"https:\/\/casafreitas.pt\/loja\/wp-json\/wp\/v2\/product"}],"about":[{"href":"https:\/\/casafreitas.pt\/loja\/wp-json\/wp\/v2\/types\/product"}],"replies":[{"embeddable":true,"href":"https:\/\/casafreitas.pt\/loja\/wp-json\/wp\/v2\/comments?post=98146"}],"version-history":[{"count":1,"href":"https:\/\/casafreitas.pt\/loja\/wp-json\/wp\/v2\/product\/98146\/revisions"}],"predecessor-version":[{"id":98147,"href":"https:\/\/casafreitas.pt\/loja\/wp-json\/wp\/v2\/product\/98146\/revisions\/98147"}],"wp:featuredmedia":[{"embeddable":true,"href":"https:\/\/casafreitas.pt\/loja\/wp-json\/wp\/v2\/media\/98145"}],"wp:attachment":[{"href":"https:\/\/casafreitas.pt\/loja\/wp-json\/wp\/v2\/media?parent=98146"}],"wp:term":[{"taxonomy":"product_brand","embeddable":true,"href":"https:\/\/casafreitas.pt\/loja\/wp-json\/wp\/v2\/product_brand?post=98146"},{"taxonomy":"product_cat","embeddable":true,"href":"https:\/\/casafreitas.pt\/loja\/wp-json\/wp\/v2\/product_cat?post=98146"},{"taxonomy":"product_tag","embeddable":true,"href":"https:\/\/casafreitas.pt\/loja\/wp-json\/wp\/v2\/product_tag?post=98146"}],"curies":[{"name":"wp","href":"https:\/\/api.w.org\/{rel}","templated":true}]}}