{"id":97909,"date":"2025-09-29T12:06:05","date_gmt":"2025-09-29T12:06:05","guid":{"rendered":"https:\/\/casafreitas.pt\/loja\/produto\/capa-protetora-para-sofa-220x90x70cm-240g-m%c2%b2\/"},"modified":"2025-10-24T02:06:48","modified_gmt":"2025-10-24T02:06:48","slug":"capa-protetora-para-sofa-220x90x70cm-240g-m%c2%b2","status":"publish","type":"product","link":"https:\/\/casafreitas.pt\/loja\/produto\/capa-protetora-para-sofa-220x90x70cm-240g-m%c2%b2\/","title":{"rendered":"Capa protetora para sof\u00e1 220x90x70cm 240g\/m\u00b2"},"content":{"rendered":"","protected":false},"excerpt":{"rendered":"<p>Capa protetora para sof\u00e1 220x90x70cm (largura\/profundidade\/altura) material poli\u00e9ster 240g\/m\u00b2 imperme\u00e1vel. ilh\u00f3s para facilitar a amarra\u00e7\u00e3o ou fixa\u00e7\u00e3o. inclui corda de suporte.<\/p>\n","protected":false},"featured_media":97908,"comment_status":"open","ping_status":"closed","template":"","meta":[],"product_brand":[],"product_cat":[17827,18009],"product_tag":[],"class_list":{"0":"post-97909","1":"product","2":"type-product","3":"status-publish","4":"has-post-thumbnail","6":"product_cat-capas-jardim-e-espaco-exterior","7":"product_cat-jardim-espaco-exterior","9":"first","10":"instock","11":"taxable","12":"shipping-taxable","13":"purchasable","14":"product-type-simple"},"_links":{"self":[{"href":"https:\/\/casafreitas.pt\/loja\/wp-json\/wp\/v2\/product\/97909","targetHints":{"allow":["GET"]}}],"collection":[{"href":"https:\/\/casafreitas.pt\/loja\/wp-json\/wp\/v2\/product"}],"about":[{"href":"https:\/\/casafreitas.pt\/loja\/wp-json\/wp\/v2\/types\/product"}],"replies":[{"embeddable":true,"href":"https:\/\/casafreitas.pt\/loja\/wp-json\/wp\/v2\/comments?post=97909"}],"version-history":[{"count":1,"href":"https:\/\/casafreitas.pt\/loja\/wp-json\/wp\/v2\/product\/97909\/revisions"}],"predecessor-version":[{"id":97910,"href":"https:\/\/casafreitas.pt\/loja\/wp-json\/wp\/v2\/product\/97909\/revisions\/97910"}],"wp:featuredmedia":[{"embeddable":true,"href":"https:\/\/casafreitas.pt\/loja\/wp-json\/wp\/v2\/media\/97908"}],"wp:attachment":[{"href":"https:\/\/casafreitas.pt\/loja\/wp-json\/wp\/v2\/media?parent=97909"}],"wp:term":[{"taxonomy":"product_brand","embeddable":true,"href":"https:\/\/casafreitas.pt\/loja\/wp-json\/wp\/v2\/product_brand?post=97909"},{"taxonomy":"product_cat","embeddable":true,"href":"https:\/\/casafreitas.pt\/loja\/wp-json\/wp\/v2\/product_cat?post=97909"},{"taxonomy":"product_tag","embeddable":true,"href":"https:\/\/casafreitas.pt\/loja\/wp-json\/wp\/v2\/product_tag?post=97909"}],"curies":[{"name":"wp","href":"https:\/\/api.w.org\/{rel}","templated":true}]}}