{"id":97903,"date":"2025-09-29T12:04:51","date_gmt":"2025-09-29T12:04:51","guid":{"rendered":"https:\/\/casafreitas.pt\/loja\/produto\/capa-protecao-parasol-o27-42x202cm-240g-m%c2%b2\/"},"modified":"2025-10-24T02:06:47","modified_gmt":"2025-10-24T02:06:47","slug":"capa-protecao-parasol-o27-42x202cm-240g-m%c2%b2","status":"publish","type":"product","link":"https:\/\/casafreitas.pt\/loja\/produto\/capa-protecao-parasol-o27-42x202cm-240g-m%c2%b2\/","title":{"rendered":"Capa de prote\u00e7\u00e3o parasol \u00f827-42x202cm 240g\/m\u00b2"},"content":{"rendered":"","protected":false},"excerpt":{"rendered":"<p>Capa de prote\u00e7\u00e3o para guarda-chuva \u00f827-42x202cm (di\u00e2metro\/altura). material de poli\u00e9ster 240g\/m\u00b2 imperme\u00e1vel. corda de seguran\u00e7a. fecho zip<\/p>\n","protected":false},"featured_media":97902,"comment_status":"open","ping_status":"closed","template":"","meta":[],"product_brand":[],"product_cat":[17827,18009],"product_tag":[],"class_list":{"0":"post-97903","1":"product","2":"type-product","3":"status-publish","4":"has-post-thumbnail","6":"product_cat-capas-jardim-e-espaco-exterior","7":"product_cat-jardim-espaco-exterior","9":"first","10":"instock","11":"taxable","12":"shipping-taxable","13":"purchasable","14":"product-type-simple"},"_links":{"self":[{"href":"https:\/\/casafreitas.pt\/loja\/wp-json\/wp\/v2\/product\/97903","targetHints":{"allow":["GET"]}}],"collection":[{"href":"https:\/\/casafreitas.pt\/loja\/wp-json\/wp\/v2\/product"}],"about":[{"href":"https:\/\/casafreitas.pt\/loja\/wp-json\/wp\/v2\/types\/product"}],"replies":[{"embeddable":true,"href":"https:\/\/casafreitas.pt\/loja\/wp-json\/wp\/v2\/comments?post=97903"}],"version-history":[{"count":1,"href":"https:\/\/casafreitas.pt\/loja\/wp-json\/wp\/v2\/product\/97903\/revisions"}],"predecessor-version":[{"id":97904,"href":"https:\/\/casafreitas.pt\/loja\/wp-json\/wp\/v2\/product\/97903\/revisions\/97904"}],"wp:featuredmedia":[{"embeddable":true,"href":"https:\/\/casafreitas.pt\/loja\/wp-json\/wp\/v2\/media\/97902"}],"wp:attachment":[{"href":"https:\/\/casafreitas.pt\/loja\/wp-json\/wp\/v2\/media?parent=97903"}],"wp:term":[{"taxonomy":"product_brand","embeddable":true,"href":"https:\/\/casafreitas.pt\/loja\/wp-json\/wp\/v2\/product_brand?post=97903"},{"taxonomy":"product_cat","embeddable":true,"href":"https:\/\/casafreitas.pt\/loja\/wp-json\/wp\/v2\/product_cat?post=97903"},{"taxonomy":"product_tag","embeddable":true,"href":"https:\/\/casafreitas.pt\/loja\/wp-json\/wp\/v2\/product_tag?post=97903"}],"curies":[{"name":"wp","href":"https:\/\/api.w.org\/{rel}","templated":true}]}}