{"id":97882,"date":"2025-09-29T12:03:30","date_gmt":"2025-09-29T12:03:30","guid":{"rendered":"https:\/\/casafreitas.pt\/loja\/produto\/base-metalica-ajustavel-com-3-rodas-225-30cm\/"},"modified":"2025-10-24T02:06:45","modified_gmt":"2025-10-24T02:06:45","slug":"base-metalica-ajustavel-com-3-rodas-225-30cm","status":"publish","type":"product","link":"https:\/\/casafreitas.pt\/loja\/produto\/base-metalica-ajustavel-com-3-rodas-225-30cm\/","title":{"rendered":"Base met\u00e1lica ajust\u00e1vel com 3 rodas 22,5-30cm"},"content":{"rendered":"","protected":false},"excerpt":{"rendered":"<p>Base met\u00e1lica ajust\u00e1vel com 3 rodas 22,5-30cm carga max. 50kg<\/p>\n","protected":false},"featured_media":97881,"comment_status":"open","ping_status":"closed","template":"","meta":[],"product_brand":[],"product_cat":[17867,18009],"product_tag":[],"class_list":{"0":"post-97882","1":"product","2":"type-product","3":"status-publish","4":"has-post-thumbnail","6":"product_cat-vasos-bases-bordaduras-jardim-e-espaco-exterior","7":"product_cat-jardim-espaco-exterior","9":"first","10":"instock","11":"taxable","12":"shipping-taxable","13":"purchasable","14":"product-type-simple"},"_links":{"self":[{"href":"https:\/\/casafreitas.pt\/loja\/wp-json\/wp\/v2\/product\/97882","targetHints":{"allow":["GET"]}}],"collection":[{"href":"https:\/\/casafreitas.pt\/loja\/wp-json\/wp\/v2\/product"}],"about":[{"href":"https:\/\/casafreitas.pt\/loja\/wp-json\/wp\/v2\/types\/product"}],"replies":[{"embeddable":true,"href":"https:\/\/casafreitas.pt\/loja\/wp-json\/wp\/v2\/comments?post=97882"}],"version-history":[{"count":1,"href":"https:\/\/casafreitas.pt\/loja\/wp-json\/wp\/v2\/product\/97882\/revisions"}],"predecessor-version":[{"id":97883,"href":"https:\/\/casafreitas.pt\/loja\/wp-json\/wp\/v2\/product\/97882\/revisions\/97883"}],"wp:featuredmedia":[{"embeddable":true,"href":"https:\/\/casafreitas.pt\/loja\/wp-json\/wp\/v2\/media\/97881"}],"wp:attachment":[{"href":"https:\/\/casafreitas.pt\/loja\/wp-json\/wp\/v2\/media?parent=97882"}],"wp:term":[{"taxonomy":"product_brand","embeddable":true,"href":"https:\/\/casafreitas.pt\/loja\/wp-json\/wp\/v2\/product_brand?post=97882"},{"taxonomy":"product_cat","embeddable":true,"href":"https:\/\/casafreitas.pt\/loja\/wp-json\/wp\/v2\/product_cat?post=97882"},{"taxonomy":"product_tag","embeddable":true,"href":"https:\/\/casafreitas.pt\/loja\/wp-json\/wp\/v2\/product_tag?post=97882"}],"curies":[{"name":"wp","href":"https:\/\/api.w.org\/{rel}","templated":true}]}}