{"id":97771,"date":"2025-09-29T11:56:11","date_gmt":"2025-09-29T11:56:11","guid":{"rendered":"https:\/\/casafreitas.pt\/loja\/produto\/okfuego-limpa-vidros-para-salamandras-lareiras-500-ml-pack-2un\/"},"modified":"2025-10-24T02:06:18","modified_gmt":"2025-10-24T02:06:18","slug":"okfuego-limpa-vidros-para-salamandras-lareiras-500-ml-pack-2un","status":"publish","type":"product","link":"https:\/\/casafreitas.pt\/loja\/produto\/okfuego-limpa-vidros-para-salamandras-lareiras-500-ml-pack-2un\/","title":{"rendered":"Okfuego limpa-vidros para salamandras e lareiras 500 ml, pack 2un"},"content":{"rendered":"","protected":false},"excerpt":{"rendered":"<p>Limpa-vidros para salamandras e lareiras, 500 ml; remove a acumula\u00e7\u00e3o de fuligem, resina, gordura e incrusta\u00e7\u00f5es de lareiras e salamandras<\/p>\n","protected":false},"featured_media":97770,"comment_status":"open","ping_status":"closed","template":"","meta":[],"product_brand":[],"product_cat":[17906,18010],"product_tag":[12401],"class_list":{"0":"post-97771","1":"product","2":"type-product","3":"status-publish","4":"has-post-thumbnail","6":"product_cat-limpa-vidros-limpeza-e-higiene-pessoal","7":"product_cat-limpeza-higiene-pessoal","8":"product_tag-flower","10":"first","11":"instock","12":"taxable","13":"shipping-taxable","14":"purchasable","15":"product-type-simple"},"_links":{"self":[{"href":"https:\/\/casafreitas.pt\/loja\/wp-json\/wp\/v2\/product\/97771","targetHints":{"allow":["GET"]}}],"collection":[{"href":"https:\/\/casafreitas.pt\/loja\/wp-json\/wp\/v2\/product"}],"about":[{"href":"https:\/\/casafreitas.pt\/loja\/wp-json\/wp\/v2\/types\/product"}],"replies":[{"embeddable":true,"href":"https:\/\/casafreitas.pt\/loja\/wp-json\/wp\/v2\/comments?post=97771"}],"version-history":[{"count":1,"href":"https:\/\/casafreitas.pt\/loja\/wp-json\/wp\/v2\/product\/97771\/revisions"}],"predecessor-version":[{"id":97772,"href":"https:\/\/casafreitas.pt\/loja\/wp-json\/wp\/v2\/product\/97771\/revisions\/97772"}],"wp:featuredmedia":[{"embeddable":true,"href":"https:\/\/casafreitas.pt\/loja\/wp-json\/wp\/v2\/media\/97770"}],"wp:attachment":[{"href":"https:\/\/casafreitas.pt\/loja\/wp-json\/wp\/v2\/media?parent=97771"}],"wp:term":[{"taxonomy":"product_brand","embeddable":true,"href":"https:\/\/casafreitas.pt\/loja\/wp-json\/wp\/v2\/product_brand?post=97771"},{"taxonomy":"product_cat","embeddable":true,"href":"https:\/\/casafreitas.pt\/loja\/wp-json\/wp\/v2\/product_cat?post=97771"},{"taxonomy":"product_tag","embeddable":true,"href":"https:\/\/casafreitas.pt\/loja\/wp-json\/wp\/v2\/product_tag?post=97771"}],"curies":[{"name":"wp","href":"https:\/\/api.w.org\/{rel}","templated":true}]}}