{"id":97666,"date":"2025-09-29T11:49:24","date_gmt":"2025-09-29T11:49:24","guid":{"rendered":"https:\/\/casafreitas.pt\/loja\/produto\/fertilizante-universal-azul-800-g\/"},"modified":"2025-10-24T02:06:07","modified_gmt":"2025-10-24T02:06:07","slug":"fertilizante-universal-azul-800-g","status":"publish","type":"product","link":"https:\/\/casafreitas.pt\/loja\/produto\/fertilizante-universal-azul-800-g\/","title":{"rendered":"Fertilizante universal azul 800 g"},"content":{"rendered":"","protected":false},"excerpt":{"rendered":"<p>Fertilizante universal azul 800 g indicado para plantas de exterior, fornece os nutrientes necess\u00e1rios para o desenvolvimento \u00f3ptimo de esp\u00e9cies horticulturais, \u00e1rvores frut\u00edferas e todo o tipo de plantas ornamentais, \u00e1rvores, arbustos e flores. composi\u00e7\u00e3o sem cloretos, rica em micronutrientes e elevada solubilidade que lhe confere qualidades \u00f3ptimas para a nutri\u00e7\u00e3o das plantas<\/p>\n","protected":false},"featured_media":97665,"comment_status":"open","ping_status":"closed","template":"","meta":[],"product_brand":[],"product_cat":[17837,18009],"product_tag":[],"class_list":{"0":"post-97666","1":"product","2":"type-product","3":"status-publish","4":"has-post-thumbnail","6":"product_cat-fertilizantes-crescimento-jardim-e-espaco-exterior","7":"product_cat-jardim-espaco-exterior","9":"first","10":"instock","11":"taxable","12":"shipping-taxable","13":"purchasable","14":"product-type-simple"},"_links":{"self":[{"href":"https:\/\/casafreitas.pt\/loja\/wp-json\/wp\/v2\/product\/97666","targetHints":{"allow":["GET"]}}],"collection":[{"href":"https:\/\/casafreitas.pt\/loja\/wp-json\/wp\/v2\/product"}],"about":[{"href":"https:\/\/casafreitas.pt\/loja\/wp-json\/wp\/v2\/types\/product"}],"replies":[{"embeddable":true,"href":"https:\/\/casafreitas.pt\/loja\/wp-json\/wp\/v2\/comments?post=97666"}],"version-history":[{"count":1,"href":"https:\/\/casafreitas.pt\/loja\/wp-json\/wp\/v2\/product\/97666\/revisions"}],"predecessor-version":[{"id":97667,"href":"https:\/\/casafreitas.pt\/loja\/wp-json\/wp\/v2\/product\/97666\/revisions\/97667"}],"wp:featuredmedia":[{"embeddable":true,"href":"https:\/\/casafreitas.pt\/loja\/wp-json\/wp\/v2\/media\/97665"}],"wp:attachment":[{"href":"https:\/\/casafreitas.pt\/loja\/wp-json\/wp\/v2\/media?parent=97666"}],"wp:term":[{"taxonomy":"product_brand","embeddable":true,"href":"https:\/\/casafreitas.pt\/loja\/wp-json\/wp\/v2\/product_brand?post=97666"},{"taxonomy":"product_cat","embeddable":true,"href":"https:\/\/casafreitas.pt\/loja\/wp-json\/wp\/v2\/product_cat?post=97666"},{"taxonomy":"product_tag","embeddable":true,"href":"https:\/\/casafreitas.pt\/loja\/wp-json\/wp\/v2\/product_tag?post=97666"}],"curies":[{"name":"wp","href":"https:\/\/api.w.org\/{rel}","templated":true}]}}