{"id":97588,"date":"2025-09-29T11:44:12","date_gmt":"2025-09-29T11:44:12","guid":{"rendered":"https:\/\/casafreitas.pt\/loja\/produto\/mesa-redonda-dobravel-180-x-74-cm\/"},"modified":"2025-10-24T02:05:58","modified_gmt":"2025-10-24T02:05:58","slug":"mesa-redonda-dobravel-180-x-74-cm","status":"publish","type":"product","link":"https:\/\/casafreitas.pt\/loja\/produto\/mesa-redonda-dobravel-180-x-74-cm\/","title":{"rendered":"Mesa redonda dobr\u00e1vel, 180 x 74 cm"},"content":{"rendered":"","protected":false},"excerpt":{"rendered":"<p>Mesa redonda dobr\u00e1vel, carga m\u00e1xima 150 kg material pl\u00e1stico de alta densidade, tubo em a\u00e7o \u00f832 mm, estrutura em a\u00e7o com acabamento revestido. cor branco. medida 180 x 74 cm<\/p>\n","protected":false},"featured_media":97587,"comment_status":"open","ping_status":"closed","template":"","meta":[],"product_brand":[],"product_cat":[17713,18003],"product_tag":[],"class_list":{"0":"post-97588","1":"product","2":"type-product","3":"status-publish","4":"has-post-thumbnail","6":"product_cat-mesas-tabuas-cavaletes-casa-e-decoracao","7":"product_cat-casa-decoracao","9":"first","10":"instock","11":"taxable","12":"shipping-taxable","13":"purchasable","14":"product-type-simple"},"_links":{"self":[{"href":"https:\/\/casafreitas.pt\/loja\/wp-json\/wp\/v2\/product\/97588","targetHints":{"allow":["GET"]}}],"collection":[{"href":"https:\/\/casafreitas.pt\/loja\/wp-json\/wp\/v2\/product"}],"about":[{"href":"https:\/\/casafreitas.pt\/loja\/wp-json\/wp\/v2\/types\/product"}],"replies":[{"embeddable":true,"href":"https:\/\/casafreitas.pt\/loja\/wp-json\/wp\/v2\/comments?post=97588"}],"version-history":[{"count":1,"href":"https:\/\/casafreitas.pt\/loja\/wp-json\/wp\/v2\/product\/97588\/revisions"}],"predecessor-version":[{"id":97589,"href":"https:\/\/casafreitas.pt\/loja\/wp-json\/wp\/v2\/product\/97588\/revisions\/97589"}],"wp:featuredmedia":[{"embeddable":true,"href":"https:\/\/casafreitas.pt\/loja\/wp-json\/wp\/v2\/media\/97587"}],"wp:attachment":[{"href":"https:\/\/casafreitas.pt\/loja\/wp-json\/wp\/v2\/media?parent=97588"}],"wp:term":[{"taxonomy":"product_brand","embeddable":true,"href":"https:\/\/casafreitas.pt\/loja\/wp-json\/wp\/v2\/product_brand?post=97588"},{"taxonomy":"product_cat","embeddable":true,"href":"https:\/\/casafreitas.pt\/loja\/wp-json\/wp\/v2\/product_cat?post=97588"},{"taxonomy":"product_tag","embeddable":true,"href":"https:\/\/casafreitas.pt\/loja\/wp-json\/wp\/v2\/product_tag?post=97588"}],"curies":[{"name":"wp","href":"https:\/\/api.w.org\/{rel}","templated":true}]}}