{"id":97585,"date":"2025-09-29T11:44:01","date_gmt":"2025-09-29T11:44:01","guid":{"rendered":"https:\/\/casafreitas.pt\/loja\/produto\/cadeira-dobravel-madeira-natural-79x425x475cm\/"},"modified":"2025-10-24T02:05:58","modified_gmt":"2025-10-24T02:05:58","slug":"cadeira-dobravel-madeira-natural-79x425x475cm","status":"publish","type":"product","link":"https:\/\/casafreitas.pt\/loja\/produto\/cadeira-dobravel-madeira-natural-79x425x475cm\/","title":{"rendered":"Cadeira dobr\u00e1vel de madeira natural 79&#215;42,5&#215;47,5cm"},"content":{"rendered":"","protected":false},"excerpt":{"rendered":"<p>Cadeira dobr\u00e1vel de madeira natural 79&#215;42,5&#215;47,5cm. estrutura, assento e costas de madeira maci\u00e7a de faia. ferragens de a\u00e7o tratado. adesivo e pinturas hidro soluveis. acabado pintado. cumpre com a normativa en 12520-2015. uso domestico. medidas cadeira recolhida 87x7cm<\/p>\n","protected":false},"featured_media":97584,"comment_status":"open","ping_status":"closed","template":"","meta":[],"product_brand":[],"product_cat":[17683,18003],"product_tag":[],"class_list":{"0":"post-97585","1":"product","2":"type-product","3":"status-publish","4":"has-post-thumbnail","6":"product_cat-cadeiras-banco-sofas-casa-e-decoracao","7":"product_cat-casa-decoracao","9":"first","10":"instock","11":"taxable","12":"shipping-taxable","13":"purchasable","14":"product-type-simple"},"_links":{"self":[{"href":"https:\/\/casafreitas.pt\/loja\/wp-json\/wp\/v2\/product\/97585","targetHints":{"allow":["GET"]}}],"collection":[{"href":"https:\/\/casafreitas.pt\/loja\/wp-json\/wp\/v2\/product"}],"about":[{"href":"https:\/\/casafreitas.pt\/loja\/wp-json\/wp\/v2\/types\/product"}],"replies":[{"embeddable":true,"href":"https:\/\/casafreitas.pt\/loja\/wp-json\/wp\/v2\/comments?post=97585"}],"version-history":[{"count":1,"href":"https:\/\/casafreitas.pt\/loja\/wp-json\/wp\/v2\/product\/97585\/revisions"}],"predecessor-version":[{"id":97586,"href":"https:\/\/casafreitas.pt\/loja\/wp-json\/wp\/v2\/product\/97585\/revisions\/97586"}],"wp:featuredmedia":[{"embeddable":true,"href":"https:\/\/casafreitas.pt\/loja\/wp-json\/wp\/v2\/media\/97584"}],"wp:attachment":[{"href":"https:\/\/casafreitas.pt\/loja\/wp-json\/wp\/v2\/media?parent=97585"}],"wp:term":[{"taxonomy":"product_brand","embeddable":true,"href":"https:\/\/casafreitas.pt\/loja\/wp-json\/wp\/v2\/product_brand?post=97585"},{"taxonomy":"product_cat","embeddable":true,"href":"https:\/\/casafreitas.pt\/loja\/wp-json\/wp\/v2\/product_cat?post=97585"},{"taxonomy":"product_tag","embeddable":true,"href":"https:\/\/casafreitas.pt\/loja\/wp-json\/wp\/v2\/product_tag?post=97585"}],"curies":[{"name":"wp","href":"https:\/\/api.w.org\/{rel}","templated":true}]}}