{"id":97495,"date":"2025-09-29T11:35:37","date_gmt":"2025-09-29T11:35:37","guid":{"rendered":"https:\/\/casafreitas.pt\/loja\/produto\/candeeiro-led-mesa-multicor-pilhas-cy5910400-basics\/"},"modified":"2025-10-24T02:05:43","modified_gmt":"2025-10-24T02:05:43","slug":"candeeiro-led-mesa-multicor-pilhas-cy5910400-basics","status":"publish","type":"product","link":"https:\/\/casafreitas.pt\/loja\/produto\/candeeiro-led-mesa-multicor-pilhas-cy5910400-basics\/","title":{"rendered":"Candeeiro led de mesa, multicor, a pilhas, cy5910400, basics"},"content":{"rendered":"","protected":false},"excerpt":{"rendered":"<p>Candeeiro de mesa led, led multicolorido, alimentado por bateria, medidas \u00f812x19cm, opera com tr\u00eas pilhas aaa (n\u00e3o inclu\u00eddas), n\u00famero de leds 3, com tr\u00eas posi\u00e7\u00f5es (multicolorido, branco, desligado). b\u00e1sico<\/p>\n","protected":false},"featured_media":97494,"comment_status":"open","ping_status":"closed","template":"","meta":[],"product_brand":[],"product_cat":[17939,18008],"product_tag":[],"class_list":{"0":"post-97495","1":"product","2":"type-product","3":"status-publish","4":"has-post-thumbnail","6":"product_cat-candeeiros-de-mesa-iluminacao-2","7":"product_cat-iluminacao","9":"first","10":"instock","11":"taxable","12":"shipping-taxable","13":"purchasable","14":"product-type-simple"},"_links":{"self":[{"href":"https:\/\/casafreitas.pt\/loja\/wp-json\/wp\/v2\/product\/97495","targetHints":{"allow":["GET"]}}],"collection":[{"href":"https:\/\/casafreitas.pt\/loja\/wp-json\/wp\/v2\/product"}],"about":[{"href":"https:\/\/casafreitas.pt\/loja\/wp-json\/wp\/v2\/types\/product"}],"replies":[{"embeddable":true,"href":"https:\/\/casafreitas.pt\/loja\/wp-json\/wp\/v2\/comments?post=97495"}],"version-history":[{"count":1,"href":"https:\/\/casafreitas.pt\/loja\/wp-json\/wp\/v2\/product\/97495\/revisions"}],"predecessor-version":[{"id":97496,"href":"https:\/\/casafreitas.pt\/loja\/wp-json\/wp\/v2\/product\/97495\/revisions\/97496"}],"wp:featuredmedia":[{"embeddable":true,"href":"https:\/\/casafreitas.pt\/loja\/wp-json\/wp\/v2\/media\/97494"}],"wp:attachment":[{"href":"https:\/\/casafreitas.pt\/loja\/wp-json\/wp\/v2\/media?parent=97495"}],"wp:term":[{"taxonomy":"product_brand","embeddable":true,"href":"https:\/\/casafreitas.pt\/loja\/wp-json\/wp\/v2\/product_brand?post=97495"},{"taxonomy":"product_cat","embeddable":true,"href":"https:\/\/casafreitas.pt\/loja\/wp-json\/wp\/v2\/product_cat?post=97495"},{"taxonomy":"product_tag","embeddable":true,"href":"https:\/\/casafreitas.pt\/loja\/wp-json\/wp\/v2\/product_tag?post=97495"}],"curies":[{"name":"wp","href":"https:\/\/api.w.org\/{rel}","templated":true}]}}