{"id":97411,"date":"2025-09-29T11:29:15","date_gmt":"2025-09-29T11:29:15","guid":{"rendered":"https:\/\/casafreitas.pt\/loja\/produto\/conjunto-mesa-4-cadeiras-dobraveis-pretas-86x86x71cm\/"},"modified":"2025-10-24T02:05:36","modified_gmt":"2025-10-24T02:05:36","slug":"conjunto-mesa-4-cadeiras-dobraveis-pretas-86x86x71cm","status":"publish","type":"product","link":"https:\/\/casafreitas.pt\/loja\/produto\/conjunto-mesa-4-cadeiras-dobraveis-pretas-86x86x71cm\/","title":{"rendered":"Conjunto de mesa e 4 cadeiras dobr\u00e1veis pretas. 86x86x71cm"},"content":{"rendered":"","protected":false},"excerpt":{"rendered":"<p>Conjunto de mesa e 4 cadeiras dobr\u00e1veis pretas. estrutura met\u00e1lica. resistente \u00e0 \u00e1gua. medidas da mesa 86x86x71cm, altura da cadeira 76cm. perfeito para acampar<\/p>\n","protected":false},"featured_media":97410,"comment_status":"open","ping_status":"closed","template":"","meta":[],"product_brand":[],"product_cat":[17832,18009],"product_tag":[],"class_list":{"0":"post-97411","1":"product","2":"type-product","3":"status-publish","4":"has-post-thumbnail","6":"product_cat-conjunto-mesa-de-jardim-jardim-e-espaco-exterior","7":"product_cat-jardim-espaco-exterior","9":"first","10":"instock","11":"taxable","12":"shipping-taxable","13":"purchasable","14":"product-type-simple"},"_links":{"self":[{"href":"https:\/\/casafreitas.pt\/loja\/wp-json\/wp\/v2\/product\/97411","targetHints":{"allow":["GET"]}}],"collection":[{"href":"https:\/\/casafreitas.pt\/loja\/wp-json\/wp\/v2\/product"}],"about":[{"href":"https:\/\/casafreitas.pt\/loja\/wp-json\/wp\/v2\/types\/product"}],"replies":[{"embeddable":true,"href":"https:\/\/casafreitas.pt\/loja\/wp-json\/wp\/v2\/comments?post=97411"}],"version-history":[{"count":1,"href":"https:\/\/casafreitas.pt\/loja\/wp-json\/wp\/v2\/product\/97411\/revisions"}],"predecessor-version":[{"id":97412,"href":"https:\/\/casafreitas.pt\/loja\/wp-json\/wp\/v2\/product\/97411\/revisions\/97412"}],"wp:featuredmedia":[{"embeddable":true,"href":"https:\/\/casafreitas.pt\/loja\/wp-json\/wp\/v2\/media\/97410"}],"wp:attachment":[{"href":"https:\/\/casafreitas.pt\/loja\/wp-json\/wp\/v2\/media?parent=97411"}],"wp:term":[{"taxonomy":"product_brand","embeddable":true,"href":"https:\/\/casafreitas.pt\/loja\/wp-json\/wp\/v2\/product_brand?post=97411"},{"taxonomy":"product_cat","embeddable":true,"href":"https:\/\/casafreitas.pt\/loja\/wp-json\/wp\/v2\/product_cat?post=97411"},{"taxonomy":"product_tag","embeddable":true,"href":"https:\/\/casafreitas.pt\/loja\/wp-json\/wp\/v2\/product_tag?post=97411"}],"curies":[{"name":"wp","href":"https:\/\/api.w.org\/{rel}","templated":true}]}}