{"id":97396,"date":"2025-09-29T11:27:57","date_gmt":"2025-09-29T11:27:57","guid":{"rendered":"https:\/\/casafreitas.pt\/loja\/produto\/pack-7-estacas-solares-jardim-em-inox-1-led-ip44-o46-x-365-cm\/"},"modified":"2025-10-24T02:05:35","modified_gmt":"2025-10-24T02:05:35","slug":"pack-7-estacas-solares-jardim-em-inox-1-led-ip44-o46-x-365-cm","status":"publish","type":"product","link":"https:\/\/casafreitas.pt\/loja\/produto\/pack-7-estacas-solares-jardim-em-inox-1-led-ip44-o46-x-365-cm\/","title":{"rendered":"Pack 7 estacas solares de jardim em inox 1 led ip44 \u00f84,6 x 36,5 cm"},"content":{"rendered":"","protected":false},"excerpt":{"rendered":"<p>Pack 7 estacas solares de jardim em inox 1 led ip44 \u00f84,6 x 36,5 cm. 1 luz led 4000k com pilha bot\u00e3o recarreg\u00e1vel. com interruptor.<\/p>\n","protected":false},"featured_media":97395,"comment_status":"open","ping_status":"closed","template":"","meta":[],"product_brand":[],"product_cat":[17942,18008],"product_tag":[],"class_list":{"0":"post-97396","1":"product","2":"type-product","3":"status-publish","4":"has-post-thumbnail","6":"product_cat-estacas-tochas-farois-solares-iluminacao-2","7":"product_cat-iluminacao","9":"first","10":"instock","11":"taxable","12":"shipping-taxable","13":"purchasable","14":"product-type-simple"},"_links":{"self":[{"href":"https:\/\/casafreitas.pt\/loja\/wp-json\/wp\/v2\/product\/97396","targetHints":{"allow":["GET"]}}],"collection":[{"href":"https:\/\/casafreitas.pt\/loja\/wp-json\/wp\/v2\/product"}],"about":[{"href":"https:\/\/casafreitas.pt\/loja\/wp-json\/wp\/v2\/types\/product"}],"replies":[{"embeddable":true,"href":"https:\/\/casafreitas.pt\/loja\/wp-json\/wp\/v2\/comments?post=97396"}],"version-history":[{"count":1,"href":"https:\/\/casafreitas.pt\/loja\/wp-json\/wp\/v2\/product\/97396\/revisions"}],"predecessor-version":[{"id":97397,"href":"https:\/\/casafreitas.pt\/loja\/wp-json\/wp\/v2\/product\/97396\/revisions\/97397"}],"wp:featuredmedia":[{"embeddable":true,"href":"https:\/\/casafreitas.pt\/loja\/wp-json\/wp\/v2\/media\/97395"}],"wp:attachment":[{"href":"https:\/\/casafreitas.pt\/loja\/wp-json\/wp\/v2\/media?parent=97396"}],"wp:term":[{"taxonomy":"product_brand","embeddable":true,"href":"https:\/\/casafreitas.pt\/loja\/wp-json\/wp\/v2\/product_brand?post=97396"},{"taxonomy":"product_cat","embeddable":true,"href":"https:\/\/casafreitas.pt\/loja\/wp-json\/wp\/v2\/product_cat?post=97396"},{"taxonomy":"product_tag","embeddable":true,"href":"https:\/\/casafreitas.pt\/loja\/wp-json\/wp\/v2\/product_tag?post=97396"}],"curies":[{"name":"wp","href":"https:\/\/api.w.org\/{rel}","templated":true}]}}