{"id":97354,"date":"2025-09-29T11:24:42","date_gmt":"2025-09-29T11:24:42","guid":{"rendered":"https:\/\/casafreitas.pt\/loja\/produto\/cadeira-dobravel-madeira-natural-cor-cereja-79x425x475cm\/"},"modified":"2025-10-24T02:05:19","modified_gmt":"2025-10-24T02:05:19","slug":"cadeira-dobravel-madeira-natural-cor-cereja-79x425x475cm","status":"publish","type":"product","link":"https:\/\/casafreitas.pt\/loja\/produto\/cadeira-dobravel-madeira-natural-cor-cereja-79x425x475cm\/","title":{"rendered":"Cadeira dobravel de madeira natural cor cereja 79&#215;42,5&#215;47,5cm"},"content":{"rendered":"","protected":false},"excerpt":{"rendered":"<p>Cadeira dobravel de madeira natural cor cereja 79&#215;42,5&#215;47,5cm. estrutura, assento e respaldo em madeira maci\u00e7a de haya cor cerejeira. ferro em a\u00e7o tratado. adesivo e pintura hidrossol\u00faveis. acabamento pintado. de acordo com a normativa en 12520:2015. uso domestico. medidas cadeiras dobrada 87x7cm.<\/p>\n","protected":false},"featured_media":97353,"comment_status":"open","ping_status":"closed","template":"","meta":[],"product_brand":[],"product_cat":[17683,18003],"product_tag":[],"class_list":{"0":"post-97354","1":"product","2":"type-product","3":"status-publish","4":"has-post-thumbnail","6":"product_cat-cadeiras-banco-sofas-casa-e-decoracao","7":"product_cat-casa-decoracao","9":"first","10":"instock","11":"taxable","12":"shipping-taxable","13":"purchasable","14":"product-type-simple"},"_links":{"self":[{"href":"https:\/\/casafreitas.pt\/loja\/wp-json\/wp\/v2\/product\/97354","targetHints":{"allow":["GET"]}}],"collection":[{"href":"https:\/\/casafreitas.pt\/loja\/wp-json\/wp\/v2\/product"}],"about":[{"href":"https:\/\/casafreitas.pt\/loja\/wp-json\/wp\/v2\/types\/product"}],"replies":[{"embeddable":true,"href":"https:\/\/casafreitas.pt\/loja\/wp-json\/wp\/v2\/comments?post=97354"}],"version-history":[{"count":1,"href":"https:\/\/casafreitas.pt\/loja\/wp-json\/wp\/v2\/product\/97354\/revisions"}],"predecessor-version":[{"id":97355,"href":"https:\/\/casafreitas.pt\/loja\/wp-json\/wp\/v2\/product\/97354\/revisions\/97355"}],"wp:featuredmedia":[{"embeddable":true,"href":"https:\/\/casafreitas.pt\/loja\/wp-json\/wp\/v2\/media\/97353"}],"wp:attachment":[{"href":"https:\/\/casafreitas.pt\/loja\/wp-json\/wp\/v2\/media?parent=97354"}],"wp:term":[{"taxonomy":"product_brand","embeddable":true,"href":"https:\/\/casafreitas.pt\/loja\/wp-json\/wp\/v2\/product_brand?post=97354"},{"taxonomy":"product_cat","embeddable":true,"href":"https:\/\/casafreitas.pt\/loja\/wp-json\/wp\/v2\/product_cat?post=97354"},{"taxonomy":"product_tag","embeddable":true,"href":"https:\/\/casafreitas.pt\/loja\/wp-json\/wp\/v2\/product_tag?post=97354"}],"curies":[{"name":"wp","href":"https:\/\/api.w.org\/{rel}","templated":true}]}}