{"id":97309,"date":"2025-09-29T11:20:49","date_gmt":"2025-09-29T11:20:49","guid":{"rendered":"https:\/\/casafreitas.pt\/loja\/produto\/tubo-flexiled-36-leds-m-branco-quente-2-vias-multifuncoes-ip44-48m\/"},"modified":"2025-10-24T02:05:11","modified_gmt":"2025-10-24T02:05:11","slug":"tubo-flexiled-36-leds-m-branco-quente-2-vias-multifuncoes-ip44-48m","status":"publish","type":"product","link":"https:\/\/casafreitas.pt\/loja\/produto\/tubo-flexiled-36-leds-m-branco-quente-2-vias-multifuncoes-ip44-48m\/","title":{"rendered":"Tubo flexiled 36 leds\/m branco quente, 2 vias multifun\u00e7\u00f5es, ip44 48m"},"content":{"rendered":"","protected":false},"excerpt":{"rendered":"<p>Tubo led flexiado 2 vias multifun\u00e7\u00f5es 48m. 36 leds\/m branco quente &#8211; fio luminoso led &#8211; temperatura m\u00e1x.\/min: -40\u00b0c\/63\u00b0c \u00b7 ip44 &#8211; unidade de corte a cada 3m \u00b7 consumo 1,75w\/m (corte sempre o tubo na marca da tesoura ) .<\/p>\n","protected":false},"featured_media":97308,"comment_status":"open","ping_status":"closed","template":"","meta":[],"product_brand":[],"product_cat":[17667,18004],"product_tag":[],"class_list":{"0":"post-97309","1":"product","2":"type-product","3":"status-publish","4":"has-post-thumbnail","6":"product_cat-tubo-flexiled-e-flexilux-construcao","7":"product_cat-construcao","9":"first","10":"instock","11":"taxable","12":"shipping-taxable","13":"purchasable","14":"product-type-simple"},"_links":{"self":[{"href":"https:\/\/casafreitas.pt\/loja\/wp-json\/wp\/v2\/product\/97309","targetHints":{"allow":["GET"]}}],"collection":[{"href":"https:\/\/casafreitas.pt\/loja\/wp-json\/wp\/v2\/product"}],"about":[{"href":"https:\/\/casafreitas.pt\/loja\/wp-json\/wp\/v2\/types\/product"}],"replies":[{"embeddable":true,"href":"https:\/\/casafreitas.pt\/loja\/wp-json\/wp\/v2\/comments?post=97309"}],"version-history":[{"count":1,"href":"https:\/\/casafreitas.pt\/loja\/wp-json\/wp\/v2\/product\/97309\/revisions"}],"predecessor-version":[{"id":97310,"href":"https:\/\/casafreitas.pt\/loja\/wp-json\/wp\/v2\/product\/97309\/revisions\/97310"}],"wp:featuredmedia":[{"embeddable":true,"href":"https:\/\/casafreitas.pt\/loja\/wp-json\/wp\/v2\/media\/97308"}],"wp:attachment":[{"href":"https:\/\/casafreitas.pt\/loja\/wp-json\/wp\/v2\/media?parent=97309"}],"wp:term":[{"taxonomy":"product_brand","embeddable":true,"href":"https:\/\/casafreitas.pt\/loja\/wp-json\/wp\/v2\/product_brand?post=97309"},{"taxonomy":"product_cat","embeddable":true,"href":"https:\/\/casafreitas.pt\/loja\/wp-json\/wp\/v2\/product_cat?post=97309"},{"taxonomy":"product_tag","embeddable":true,"href":"https:\/\/casafreitas.pt\/loja\/wp-json\/wp\/v2\/product_tag?post=97309"}],"curies":[{"name":"wp","href":"https:\/\/api.w.org\/{rel}","templated":true}]}}