{"id":97291,"date":"2025-09-29T11:19:18","date_gmt":"2025-09-29T11:19:18","guid":{"rendered":"https:\/\/casafreitas.pt\/loja\/produto\/tira-led-50m-60-leds-m-42w-m-amarelo-ip44-edm-220-240v\/"},"modified":"2025-10-24T02:05:10","modified_gmt":"2025-10-24T02:05:10","slug":"tira-led-50m-60-leds-m-42w-m-amarelo-ip44-edm-220-240v","status":"publish","type":"product","link":"https:\/\/casafreitas.pt\/loja\/produto\/tira-led-50m-60-leds-m-42w-m-amarelo-ip44-edm-220-240v\/","title":{"rendered":"Tira led 50m. 60 leds\/m 4,2w\/m amarelo ip44 edm 220-240v"},"content":{"rendered":"","protected":false},"excerpt":{"rendered":"<p>Tira led 50m. 60 leds\/m 4,2w\/m amarelo ip44 edm 220-240v (uso interior-exterior) aten\u00e7\u00e3o: cortar s\u00f3 pela zona marcada com tesoura&#8221; a cada 1m. conex\u00e3o m\u00e1xima 100m. n\u00e3o conetar a bobine enrolada 350 lm\/m&#8221;<\/p>\n","protected":false},"featured_media":97290,"comment_status":"open","ping_status":"closed","template":"","meta":[],"product_brand":[],"product_cat":[17970,18008],"product_tag":[],"class_list":{"0":"post-97291","1":"product","2":"type-product","3":"status-publish","4":"has-post-thumbnail","6":"product_cat-tiras-led-e-acessorios-iluminacao-2","7":"product_cat-iluminacao","9":"first","10":"instock","11":"taxable","12":"shipping-taxable","13":"purchasable","14":"product-type-simple"},"_links":{"self":[{"href":"https:\/\/casafreitas.pt\/loja\/wp-json\/wp\/v2\/product\/97291","targetHints":{"allow":["GET"]}}],"collection":[{"href":"https:\/\/casafreitas.pt\/loja\/wp-json\/wp\/v2\/product"}],"about":[{"href":"https:\/\/casafreitas.pt\/loja\/wp-json\/wp\/v2\/types\/product"}],"replies":[{"embeddable":true,"href":"https:\/\/casafreitas.pt\/loja\/wp-json\/wp\/v2\/comments?post=97291"}],"version-history":[{"count":1,"href":"https:\/\/casafreitas.pt\/loja\/wp-json\/wp\/v2\/product\/97291\/revisions"}],"predecessor-version":[{"id":97292,"href":"https:\/\/casafreitas.pt\/loja\/wp-json\/wp\/v2\/product\/97291\/revisions\/97292"}],"wp:featuredmedia":[{"embeddable":true,"href":"https:\/\/casafreitas.pt\/loja\/wp-json\/wp\/v2\/media\/97290"}],"wp:attachment":[{"href":"https:\/\/casafreitas.pt\/loja\/wp-json\/wp\/v2\/media?parent=97291"}],"wp:term":[{"taxonomy":"product_brand","embeddable":true,"href":"https:\/\/casafreitas.pt\/loja\/wp-json\/wp\/v2\/product_brand?post=97291"},{"taxonomy":"product_cat","embeddable":true,"href":"https:\/\/casafreitas.pt\/loja\/wp-json\/wp\/v2\/product_cat?post=97291"},{"taxonomy":"product_tag","embeddable":true,"href":"https:\/\/casafreitas.pt\/loja\/wp-json\/wp\/v2\/product_tag?post=97291"}],"curies":[{"name":"wp","href":"https:\/\/api.w.org\/{rel}","templated":true}]}}