{"id":97231,"date":"2025-09-29T11:14:46","date_gmt":"2025-09-29T11:14:46","guid":{"rendered":"https:\/\/casafreitas.pt\/loja\/produto\/kit-flexiled-multifuncoes-branco-quente-ip44-12m\/"},"modified":"2025-10-24T01:54:45","modified_gmt":"2025-10-24T01:54:45","slug":"kit-flexiled-multifuncoes-branco-quente-ip44-12m","status":"publish","type":"product","link":"https:\/\/casafreitas.pt\/loja\/produto\/kit-flexiled-multifuncoes-branco-quente-ip44-12m\/","title":{"rendered":"Kit flexiled multifun\u00e7\u00f5es branco quente ip44 12m"},"content":{"rendered":"","protected":false},"excerpt":{"rendered":"<p>Kit flexiled multifun\u00e7\u00f5es branco quente 230v, para exterior ip44, 1,53w\/m, \u00f813mm, 12m. 36 leds por metro, cabo de alimenta\u00e7\u00e3o 100cm, cabo com programador 50cm, 8 fun\u00e7\u00f5es<\/p>\n","protected":false},"featured_media":97230,"comment_status":"open","ping_status":"closed","template":"","meta":[],"product_brand":[],"product_cat":[17667,18004],"product_tag":[],"class_list":{"0":"post-97231","1":"product","2":"type-product","3":"status-publish","4":"has-post-thumbnail","6":"product_cat-tubo-flexiled-e-flexilux-construcao","7":"product_cat-construcao","9":"first","10":"instock","11":"taxable","12":"shipping-taxable","13":"purchasable","14":"product-type-simple"},"_links":{"self":[{"href":"https:\/\/casafreitas.pt\/loja\/wp-json\/wp\/v2\/product\/97231","targetHints":{"allow":["GET"]}}],"collection":[{"href":"https:\/\/casafreitas.pt\/loja\/wp-json\/wp\/v2\/product"}],"about":[{"href":"https:\/\/casafreitas.pt\/loja\/wp-json\/wp\/v2\/types\/product"}],"replies":[{"embeddable":true,"href":"https:\/\/casafreitas.pt\/loja\/wp-json\/wp\/v2\/comments?post=97231"}],"version-history":[{"count":1,"href":"https:\/\/casafreitas.pt\/loja\/wp-json\/wp\/v2\/product\/97231\/revisions"}],"predecessor-version":[{"id":97232,"href":"https:\/\/casafreitas.pt\/loja\/wp-json\/wp\/v2\/product\/97231\/revisions\/97232"}],"wp:featuredmedia":[{"embeddable":true,"href":"https:\/\/casafreitas.pt\/loja\/wp-json\/wp\/v2\/media\/97230"}],"wp:attachment":[{"href":"https:\/\/casafreitas.pt\/loja\/wp-json\/wp\/v2\/media?parent=97231"}],"wp:term":[{"taxonomy":"product_brand","embeddable":true,"href":"https:\/\/casafreitas.pt\/loja\/wp-json\/wp\/v2\/product_brand?post=97231"},{"taxonomy":"product_cat","embeddable":true,"href":"https:\/\/casafreitas.pt\/loja\/wp-json\/wp\/v2\/product_cat?post=97231"},{"taxonomy":"product_tag","embeddable":true,"href":"https:\/\/casafreitas.pt\/loja\/wp-json\/wp\/v2\/product_tag?post=97231"}],"curies":[{"name":"wp","href":"https:\/\/api.w.org\/{rel}","templated":true}]}}