{"id":97213,"date":"2025-09-29T11:13:21","date_gmt":"2025-09-29T11:13:21","guid":{"rendered":"https:\/\/casafreitas.pt\/loja\/produto\/grinalda-okinawa-solar-bateria-8m-10-lampadas-new-garden\/"},"modified":"2025-10-24T01:54:41","modified_gmt":"2025-10-24T01:54:41","slug":"grinalda-okinawa-solar-bateria-8m-10-lampadas-new-garden","status":"publish","type":"product","link":"https:\/\/casafreitas.pt\/loja\/produto\/grinalda-okinawa-solar-bateria-8m-10-lampadas-new-garden\/","title":{"rendered":"Grinalda okinawa solar + bateria 8m 10 l\u00e2mpadas new garden"},"content":{"rendered":"","protected":false},"excerpt":{"rendered":"<p>Okinawa \u00e9 uma guirlanda com 10 l\u00e2mpadas led integradas substitu\u00edveis com design vintage. \u00e9 ip44 e mede 8 m de comprimento. podem ser carregados com cabo e incluem painel solar com sensor crep\u00fasculo para ligar e desligar autom\u00e1tico.<\/p>\n","protected":false},"featured_media":97212,"comment_status":"open","ping_status":"closed","template":"","meta":[],"product_brand":[],"product_cat":[17949,18008],"product_tag":[],"class_list":{"0":"post-97213","1":"product","2":"type-product","3":"status-publish","4":"has-post-thumbnail","6":"product_cat-guirlandas-solares-iluminacao","7":"product_cat-iluminacao","9":"first","10":"instock","11":"taxable","12":"shipping-taxable","13":"purchasable","14":"product-type-simple"},"_links":{"self":[{"href":"https:\/\/casafreitas.pt\/loja\/wp-json\/wp\/v2\/product\/97213","targetHints":{"allow":["GET"]}}],"collection":[{"href":"https:\/\/casafreitas.pt\/loja\/wp-json\/wp\/v2\/product"}],"about":[{"href":"https:\/\/casafreitas.pt\/loja\/wp-json\/wp\/v2\/types\/product"}],"replies":[{"embeddable":true,"href":"https:\/\/casafreitas.pt\/loja\/wp-json\/wp\/v2\/comments?post=97213"}],"version-history":[{"count":1,"href":"https:\/\/casafreitas.pt\/loja\/wp-json\/wp\/v2\/product\/97213\/revisions"}],"predecessor-version":[{"id":97214,"href":"https:\/\/casafreitas.pt\/loja\/wp-json\/wp\/v2\/product\/97213\/revisions\/97214"}],"wp:featuredmedia":[{"embeddable":true,"href":"https:\/\/casafreitas.pt\/loja\/wp-json\/wp\/v2\/media\/97212"}],"wp:attachment":[{"href":"https:\/\/casafreitas.pt\/loja\/wp-json\/wp\/v2\/media?parent=97213"}],"wp:term":[{"taxonomy":"product_brand","embeddable":true,"href":"https:\/\/casafreitas.pt\/loja\/wp-json\/wp\/v2\/product_brand?post=97213"},{"taxonomy":"product_cat","embeddable":true,"href":"https:\/\/casafreitas.pt\/loja\/wp-json\/wp\/v2\/product_cat?post=97213"},{"taxonomy":"product_tag","embeddable":true,"href":"https:\/\/casafreitas.pt\/loja\/wp-json\/wp\/v2\/product_tag?post=97213"}],"curies":[{"name":"wp","href":"https:\/\/api.w.org\/{rel}","templated":true}]}}