{"id":97180,"date":"2025-09-29T11:10:49","date_gmt":"2025-09-29T11:10:49","guid":{"rendered":"https:\/\/casafreitas.pt\/loja\/produto\/lampada-flash-led-e27-1w-cor-amarelo\/"},"modified":"2025-10-24T01:54:35","modified_gmt":"2025-10-24T01:54:35","slug":"lampada-flash-led-e27-1w-cor-amarelo","status":"publish","type":"product","link":"https:\/\/casafreitas.pt\/loja\/produto\/lampada-flash-led-e27-1w-cor-amarelo\/","title":{"rendered":"L\u00e2mpada flash led e27 1w cor amarelo"},"content":{"rendered":"","protected":false},"excerpt":{"rendered":"<p>L\u00e2mpada flash led cor amarelo e27 1w. tamanho: \u00f85.3x10cm tens\u00e3o: 220-240v<\/p>\n","protected":false},"featured_media":97179,"comment_status":"open","ping_status":"closed","template":"","meta":[],"product_brand":[],"product_cat":[17589,18004],"product_tag":[],"class_list":{"0":"post-97180","1":"product","2":"type-product","3":"status-publish","4":"has-post-thumbnail","6":"product_cat-lampadas-especiais-led-construcao","7":"product_cat-construcao","9":"first","10":"instock","11":"taxable","12":"shipping-taxable","13":"purchasable","14":"product-type-simple"},"_links":{"self":[{"href":"https:\/\/casafreitas.pt\/loja\/wp-json\/wp\/v2\/product\/97180","targetHints":{"allow":["GET"]}}],"collection":[{"href":"https:\/\/casafreitas.pt\/loja\/wp-json\/wp\/v2\/product"}],"about":[{"href":"https:\/\/casafreitas.pt\/loja\/wp-json\/wp\/v2\/types\/product"}],"replies":[{"embeddable":true,"href":"https:\/\/casafreitas.pt\/loja\/wp-json\/wp\/v2\/comments?post=97180"}],"version-history":[{"count":1,"href":"https:\/\/casafreitas.pt\/loja\/wp-json\/wp\/v2\/product\/97180\/revisions"}],"predecessor-version":[{"id":97181,"href":"https:\/\/casafreitas.pt\/loja\/wp-json\/wp\/v2\/product\/97180\/revisions\/97181"}],"wp:featuredmedia":[{"embeddable":true,"href":"https:\/\/casafreitas.pt\/loja\/wp-json\/wp\/v2\/media\/97179"}],"wp:attachment":[{"href":"https:\/\/casafreitas.pt\/loja\/wp-json\/wp\/v2\/media?parent=97180"}],"wp:term":[{"taxonomy":"product_brand","embeddable":true,"href":"https:\/\/casafreitas.pt\/loja\/wp-json\/wp\/v2\/product_brand?post=97180"},{"taxonomy":"product_cat","embeddable":true,"href":"https:\/\/casafreitas.pt\/loja\/wp-json\/wp\/v2\/product_cat?post=97180"},{"taxonomy":"product_tag","embeddable":true,"href":"https:\/\/casafreitas.pt\/loja\/wp-json\/wp\/v2\/product_tag?post=97180"}],"curies":[{"name":"wp","href":"https:\/\/api.w.org\/{rel}","templated":true}]}}