{"id":97147,"date":"2025-09-29T11:08:04","date_gmt":"2025-09-29T11:08:04","guid":{"rendered":"https:\/\/casafreitas.pt\/loja\/produto\/luz-solar-parede-em-inox-15-150lm-luz-quente-o12x16cm-lumineo\/"},"modified":"2025-10-24T01:54:30","modified_gmt":"2025-10-24T01:54:30","slug":"luz-solar-parede-em-inox-15-150lm-luz-quente-o12x16cm-lumineo","status":"publish","type":"product","link":"https:\/\/casafreitas.pt\/loja\/produto\/luz-solar-parede-em-inox-15-150lm-luz-quente-o12x16cm-lumineo\/","title":{"rendered":"Luz solar de parede em inox 15-150lm luz quente \u00f812x16cm lumineo"},"content":{"rendered":"","protected":false},"excerpt":{"rendered":"<p>Luz de parede solar luz quente em a\u00e7o inoxid\u00e1vel com sensor de movimento alcance 6m luminosidade 15lm at\u00e9 detectar movimento e depois 150lm por 25 segundos. temporizador 8 horas. liga automaticamente ao crep\u00fasculo. dimens\u00f5es: \u00f812x16cm (di\u00e2metro\/altura) lumineo<\/p>\n","protected":false},"featured_media":97146,"comment_status":"open","ping_status":"closed","template":"","meta":[],"product_brand":[],"product_cat":[17953,18008],"product_tag":[],"class_list":{"0":"post-97147","1":"product","2":"type-product","3":"status-publish","4":"has-post-thumbnail","6":"product_cat-iluminacao-solar-iluminacao-2","7":"product_cat-iluminacao","9":"first","10":"instock","11":"taxable","12":"shipping-taxable","13":"purchasable","14":"product-type-simple"},"_links":{"self":[{"href":"https:\/\/casafreitas.pt\/loja\/wp-json\/wp\/v2\/product\/97147","targetHints":{"allow":["GET"]}}],"collection":[{"href":"https:\/\/casafreitas.pt\/loja\/wp-json\/wp\/v2\/product"}],"about":[{"href":"https:\/\/casafreitas.pt\/loja\/wp-json\/wp\/v2\/types\/product"}],"replies":[{"embeddable":true,"href":"https:\/\/casafreitas.pt\/loja\/wp-json\/wp\/v2\/comments?post=97147"}],"version-history":[{"count":1,"href":"https:\/\/casafreitas.pt\/loja\/wp-json\/wp\/v2\/product\/97147\/revisions"}],"predecessor-version":[{"id":97148,"href":"https:\/\/casafreitas.pt\/loja\/wp-json\/wp\/v2\/product\/97147\/revisions\/97148"}],"wp:featuredmedia":[{"embeddable":true,"href":"https:\/\/casafreitas.pt\/loja\/wp-json\/wp\/v2\/media\/97146"}],"wp:attachment":[{"href":"https:\/\/casafreitas.pt\/loja\/wp-json\/wp\/v2\/media?parent=97147"}],"wp:term":[{"taxonomy":"product_brand","embeddable":true,"href":"https:\/\/casafreitas.pt\/loja\/wp-json\/wp\/v2\/product_brand?post=97147"},{"taxonomy":"product_cat","embeddable":true,"href":"https:\/\/casafreitas.pt\/loja\/wp-json\/wp\/v2\/product_cat?post=97147"},{"taxonomy":"product_tag","embeddable":true,"href":"https:\/\/casafreitas.pt\/loja\/wp-json\/wp\/v2\/product_tag?post=97147"}],"curies":[{"name":"wp","href":"https:\/\/api.w.org\/{rel}","templated":true}]}}