{"id":97138,"date":"2025-09-29T11:07:21","date_gmt":"2025-09-29T11:07:21","guid":{"rendered":"https:\/\/casafreitas.pt\/loja\/produto\/grinalda-juta-pilhas-fixa-10-lampadas-com-3-led-cada-uma-corda-juta-branco-quente-ip20-315m\/"},"modified":"2025-10-24T01:54:29","modified_gmt":"2025-10-24T01:54:29","slug":"grinalda-juta-pilhas-fixa-10-lampadas-com-3-led-cada-uma-corda-juta-branco-quente-ip20-315m","status":"publish","type":"product","link":"https:\/\/casafreitas.pt\/loja\/produto\/grinalda-juta-pilhas-fixa-10-lampadas-com-3-led-cada-uma-corda-juta-branco-quente-ip20-315m\/","title":{"rendered":"Grinalda de juta a pilhas fixa 10 l\u00e2mpadas com 3 led cada uma. corda de juta branco quente ip20 3,15m"},"content":{"rendered":"","protected":false},"excerpt":{"rendered":"<p>Grinalda de juta a pilhas fixa 10 l\u00e2mpadas com 3 led cada uma (total 30 leds).corda de juta branco quente. 2 pilhas aa (n\u00e3o inclu\u00eddas). para interior ip20. cabo castanho. dist\u00e2ncia entre l\u00e2mpadas led 10cm. cabo de alimenta\u00e7\u00e3o 15cm. dist\u00e2ncia entre a primeira e a \u00faltima l\u00e2mpada 3m. comprimento total: 3,15m<\/p>\n","protected":false},"featured_media":97137,"comment_status":"open","ping_status":"closed","template":"","meta":[],"product_brand":[],"product_cat":[17947,18008],"product_tag":[],"class_list":{"0":"post-97138","1":"product","2":"type-product","3":"status-publish","4":"has-post-thumbnail","6":"product_cat-grinaldas-de-interior-iluminacao-2","7":"product_cat-iluminacao","9":"first","10":"instock","11":"taxable","12":"shipping-taxable","13":"purchasable","14":"product-type-simple"},"_links":{"self":[{"href":"https:\/\/casafreitas.pt\/loja\/wp-json\/wp\/v2\/product\/97138","targetHints":{"allow":["GET"]}}],"collection":[{"href":"https:\/\/casafreitas.pt\/loja\/wp-json\/wp\/v2\/product"}],"about":[{"href":"https:\/\/casafreitas.pt\/loja\/wp-json\/wp\/v2\/types\/product"}],"replies":[{"embeddable":true,"href":"https:\/\/casafreitas.pt\/loja\/wp-json\/wp\/v2\/comments?post=97138"}],"version-history":[{"count":1,"href":"https:\/\/casafreitas.pt\/loja\/wp-json\/wp\/v2\/product\/97138\/revisions"}],"predecessor-version":[{"id":97139,"href":"https:\/\/casafreitas.pt\/loja\/wp-json\/wp\/v2\/product\/97138\/revisions\/97139"}],"wp:featuredmedia":[{"embeddable":true,"href":"https:\/\/casafreitas.pt\/loja\/wp-json\/wp\/v2\/media\/97137"}],"wp:attachment":[{"href":"https:\/\/casafreitas.pt\/loja\/wp-json\/wp\/v2\/media?parent=97138"}],"wp:term":[{"taxonomy":"product_brand","embeddable":true,"href":"https:\/\/casafreitas.pt\/loja\/wp-json\/wp\/v2\/product_brand?post=97138"},{"taxonomy":"product_cat","embeddable":true,"href":"https:\/\/casafreitas.pt\/loja\/wp-json\/wp\/v2\/product_cat?post=97138"},{"taxonomy":"product_tag","embeddable":true,"href":"https:\/\/casafreitas.pt\/loja\/wp-json\/wp\/v2\/product_tag?post=97138"}],"curies":[{"name":"wp","href":"https:\/\/api.w.org\/{rel}","templated":true}]}}