{"id":97075,"date":"2025-09-29T11:02:19","date_gmt":"2025-09-29T11:02:19","guid":{"rendered":"https:\/\/casafreitas.pt\/loja\/produto\/rojetor-led-frameless-10w-760lm-6000k-edm\/"},"modified":"2025-10-24T01:54:20","modified_gmt":"2025-10-24T01:54:20","slug":"rojetor-led-frameless-10w-760lm-6000k-edm","status":"publish","type":"product","link":"https:\/\/casafreitas.pt\/loja\/produto\/rojetor-led-frameless-10w-760lm-6000k-edm\/","title":{"rendered":"Rojetor led frameless 10w 760lm 6000k edm"},"content":{"rendered":"","protected":false},"excerpt":{"rendered":"<p>Projetor led frameless 10w 760lm 6000k edm. ip65 inclui conex\u00e3o. fabricado em alum\u00ednio e pl\u00e1stico. 25000h 220-240v 50hz pf 0,7, \u00e2ngulo abertura 120\u00b0, cri 80 dimens\u00f5es: 8,71&#215;8,26cm<\/p>\n","protected":false},"featured_media":97074,"comment_status":"open","ping_status":"closed","template":"","meta":[],"product_brand":[],"product_cat":[17964,18008],"product_tag":[],"class_list":{"0":"post-97075","1":"product","2":"type-product","3":"status-publish","4":"has-post-thumbnail","6":"product_cat-projetores-led-iluminacao-2","7":"product_cat-iluminacao","9":"first","10":"instock","11":"taxable","12":"shipping-taxable","13":"purchasable","14":"product-type-simple"},"_links":{"self":[{"href":"https:\/\/casafreitas.pt\/loja\/wp-json\/wp\/v2\/product\/97075","targetHints":{"allow":["GET"]}}],"collection":[{"href":"https:\/\/casafreitas.pt\/loja\/wp-json\/wp\/v2\/product"}],"about":[{"href":"https:\/\/casafreitas.pt\/loja\/wp-json\/wp\/v2\/types\/product"}],"replies":[{"embeddable":true,"href":"https:\/\/casafreitas.pt\/loja\/wp-json\/wp\/v2\/comments?post=97075"}],"version-history":[{"count":1,"href":"https:\/\/casafreitas.pt\/loja\/wp-json\/wp\/v2\/product\/97075\/revisions"}],"predecessor-version":[{"id":97076,"href":"https:\/\/casafreitas.pt\/loja\/wp-json\/wp\/v2\/product\/97075\/revisions\/97076"}],"wp:featuredmedia":[{"embeddable":true,"href":"https:\/\/casafreitas.pt\/loja\/wp-json\/wp\/v2\/media\/97074"}],"wp:attachment":[{"href":"https:\/\/casafreitas.pt\/loja\/wp-json\/wp\/v2\/media?parent=97075"}],"wp:term":[{"taxonomy":"product_brand","embeddable":true,"href":"https:\/\/casafreitas.pt\/loja\/wp-json\/wp\/v2\/product_brand?post=97075"},{"taxonomy":"product_cat","embeddable":true,"href":"https:\/\/casafreitas.pt\/loja\/wp-json\/wp\/v2\/product_cat?post=97075"},{"taxonomy":"product_tag","embeddable":true,"href":"https:\/\/casafreitas.pt\/loja\/wp-json\/wp\/v2\/product_tag?post=97075"}],"curies":[{"name":"wp","href":"https:\/\/api.w.org\/{rel}","templated":true}]}}