{"id":97060,"date":"2025-09-29T11:01:09","date_gmt":"2025-09-29T11:01:09","guid":{"rendered":"https:\/\/casafreitas.pt\/loja\/produto\/projetor-led-com-tripe-30w-2370lm-6400k-luz-fria-black-series-edm\/"},"modified":"2025-10-24T01:54:19","modified_gmt":"2025-10-24T01:54:19","slug":"projetor-led-com-tripe-30w-2370lm-6400k-luz-fria-black-series-edm","status":"publish","type":"product","link":"https:\/\/casafreitas.pt\/loja\/produto\/projetor-led-com-tripe-30w-2370lm-6400k-luz-fria-black-series-edm\/","title":{"rendered":"Projetor led com trip\u00e9 30w 2370lm 6400k luz fria black series edm"},"content":{"rendered":"","protected":false},"excerpt":{"rendered":"<p>Projetor led com trip\u00e9 altura regul\u00e1vel 30w 2370lm 6400k luz fria ip65 42 leds \u00f872, altura de 63cm a 103cm. 25000h 220-240v 50hz classe f 120\u00b0. inclui ficha schuko 1,5m black series edm<\/p>\n","protected":false},"featured_media":97059,"comment_status":"open","ping_status":"closed","template":"","meta":[],"product_brand":[],"product_cat":[17962,18008],"product_tag":[],"class_list":{"0":"post-97060","1":"product","2":"type-product","3":"status-publish","4":"has-post-thumbnail","6":"product_cat-luzes-de-trabalho-iluminacao-2","7":"product_cat-iluminacao","9":"first","10":"instock","11":"taxable","12":"shipping-taxable","13":"purchasable","14":"product-type-simple"},"_links":{"self":[{"href":"https:\/\/casafreitas.pt\/loja\/wp-json\/wp\/v2\/product\/97060","targetHints":{"allow":["GET"]}}],"collection":[{"href":"https:\/\/casafreitas.pt\/loja\/wp-json\/wp\/v2\/product"}],"about":[{"href":"https:\/\/casafreitas.pt\/loja\/wp-json\/wp\/v2\/types\/product"}],"replies":[{"embeddable":true,"href":"https:\/\/casafreitas.pt\/loja\/wp-json\/wp\/v2\/comments?post=97060"}],"version-history":[{"count":1,"href":"https:\/\/casafreitas.pt\/loja\/wp-json\/wp\/v2\/product\/97060\/revisions"}],"predecessor-version":[{"id":97061,"href":"https:\/\/casafreitas.pt\/loja\/wp-json\/wp\/v2\/product\/97060\/revisions\/97061"}],"wp:featuredmedia":[{"embeddable":true,"href":"https:\/\/casafreitas.pt\/loja\/wp-json\/wp\/v2\/media\/97059"}],"wp:attachment":[{"href":"https:\/\/casafreitas.pt\/loja\/wp-json\/wp\/v2\/media?parent=97060"}],"wp:term":[{"taxonomy":"product_brand","embeddable":true,"href":"https:\/\/casafreitas.pt\/loja\/wp-json\/wp\/v2\/product_brand?post=97060"},{"taxonomy":"product_cat","embeddable":true,"href":"https:\/\/casafreitas.pt\/loja\/wp-json\/wp\/v2\/product_cat?post=97060"},{"taxonomy":"product_tag","embeddable":true,"href":"https:\/\/casafreitas.pt\/loja\/wp-json\/wp\/v2\/product_tag?post=97060"}],"curies":[{"name":"wp","href":"https:\/\/api.w.org\/{rel}","templated":true}]}}