{"id":97012,"date":"2025-09-29T10:57:28","date_gmt":"2025-09-29T10:57:28","guid":{"rendered":"https:\/\/casafreitas.pt\/loja\/produto\/projetor-led-50w-4000lm-6400k-luz-fria-192x29x175cm-cor-branco-edm\/"},"modified":"2025-10-24T01:54:15","modified_gmt":"2025-10-24T01:54:15","slug":"projetor-led-50w-4000lm-6400k-luz-fria-192x29x175cm-cor-branco-edm","status":"publish","type":"product","link":"https:\/\/casafreitas.pt\/loja\/produto\/projetor-led-50w-4000lm-6400k-luz-fria-192x29x175cm-cor-branco-edm\/","title":{"rendered":"Projetor led 50w 4000lm 6400k luz fria 19,2&#215;2,9&#215;17,5cm cor branco edm"},"content":{"rendered":"","protected":false},"excerpt":{"rendered":"<p>Projetor led branco 50w 4000lm 6400k luz fria. ip65 dimens\u00f5es: 19,2&#215;2,9&#215;17,5cm 25000h 220-240v classe energ\u00e9tica f. \u00e2ngulo de abertura: 120\u00b0 edm<\/p>\n","protected":false},"featured_media":97011,"comment_status":"open","ping_status":"closed","template":"","meta":[],"product_brand":[],"product_cat":[17964,18008],"product_tag":[],"class_list":{"0":"post-97012","1":"product","2":"type-product","3":"status-publish","4":"has-post-thumbnail","6":"product_cat-projetores-led-iluminacao-2","7":"product_cat-iluminacao","9":"first","10":"instock","11":"taxable","12":"shipping-taxable","13":"purchasable","14":"product-type-simple"},"_links":{"self":[{"href":"https:\/\/casafreitas.pt\/loja\/wp-json\/wp\/v2\/product\/97012","targetHints":{"allow":["GET"]}}],"collection":[{"href":"https:\/\/casafreitas.pt\/loja\/wp-json\/wp\/v2\/product"}],"about":[{"href":"https:\/\/casafreitas.pt\/loja\/wp-json\/wp\/v2\/types\/product"}],"replies":[{"embeddable":true,"href":"https:\/\/casafreitas.pt\/loja\/wp-json\/wp\/v2\/comments?post=97012"}],"version-history":[{"count":1,"href":"https:\/\/casafreitas.pt\/loja\/wp-json\/wp\/v2\/product\/97012\/revisions"}],"predecessor-version":[{"id":97013,"href":"https:\/\/casafreitas.pt\/loja\/wp-json\/wp\/v2\/product\/97012\/revisions\/97013"}],"wp:featuredmedia":[{"embeddable":true,"href":"https:\/\/casafreitas.pt\/loja\/wp-json\/wp\/v2\/media\/97011"}],"wp:attachment":[{"href":"https:\/\/casafreitas.pt\/loja\/wp-json\/wp\/v2\/media?parent=97012"}],"wp:term":[{"taxonomy":"product_brand","embeddable":true,"href":"https:\/\/casafreitas.pt\/loja\/wp-json\/wp\/v2\/product_brand?post=97012"},{"taxonomy":"product_cat","embeddable":true,"href":"https:\/\/casafreitas.pt\/loja\/wp-json\/wp\/v2\/product_cat?post=97012"},{"taxonomy":"product_tag","embeddable":true,"href":"https:\/\/casafreitas.pt\/loja\/wp-json\/wp\/v2\/product_tag?post=97012"}],"curies":[{"name":"wp","href":"https:\/\/api.w.org\/{rel}","templated":true}]}}