{"id":96988,"date":"2025-09-29T10:55:42","date_gmt":"2025-09-29T10:55:42","guid":{"rendered":"https:\/\/casafreitas.pt\/loja\/produto\/projetor-led-com-tripe-100w-6400k-edm\/"},"modified":"2025-10-24T01:54:14","modified_gmt":"2025-10-24T01:54:14","slug":"projetor-led-com-tripe-100w-6400k-edm","status":"publish","type":"product","link":"https:\/\/casafreitas.pt\/loja\/produto\/projetor-led-com-tripe-100w-6400k-edm\/","title":{"rendered":"Projetor led com trip\u00e9 100w 6400k edm"},"content":{"rendered":"","protected":false},"excerpt":{"rendered":"<p>Projetor led com trip\u00e9 100w 8200lm luz fria 6400k altura regul\u00e1vel 50 a 90cm. cabo de alimenta\u00e7\u00e3o 1,40m ip65 246x228x29mm 25000h 220-240v classe f 120\u00b0 edm<\/p>\n","protected":false},"featured_media":96987,"comment_status":"open","ping_status":"closed","template":"","meta":[],"product_brand":[],"product_cat":[17962,18008],"product_tag":[],"class_list":{"0":"post-96988","1":"product","2":"type-product","3":"status-publish","4":"has-post-thumbnail","6":"product_cat-luzes-de-trabalho-iluminacao-2","7":"product_cat-iluminacao","9":"first","10":"instock","11":"taxable","12":"shipping-taxable","13":"purchasable","14":"product-type-simple"},"_links":{"self":[{"href":"https:\/\/casafreitas.pt\/loja\/wp-json\/wp\/v2\/product\/96988","targetHints":{"allow":["GET"]}}],"collection":[{"href":"https:\/\/casafreitas.pt\/loja\/wp-json\/wp\/v2\/product"}],"about":[{"href":"https:\/\/casafreitas.pt\/loja\/wp-json\/wp\/v2\/types\/product"}],"replies":[{"embeddable":true,"href":"https:\/\/casafreitas.pt\/loja\/wp-json\/wp\/v2\/comments?post=96988"}],"version-history":[{"count":1,"href":"https:\/\/casafreitas.pt\/loja\/wp-json\/wp\/v2\/product\/96988\/revisions"}],"predecessor-version":[{"id":96989,"href":"https:\/\/casafreitas.pt\/loja\/wp-json\/wp\/v2\/product\/96988\/revisions\/96989"}],"wp:featuredmedia":[{"embeddable":true,"href":"https:\/\/casafreitas.pt\/loja\/wp-json\/wp\/v2\/media\/96987"}],"wp:attachment":[{"href":"https:\/\/casafreitas.pt\/loja\/wp-json\/wp\/v2\/media?parent=96988"}],"wp:term":[{"taxonomy":"product_brand","embeddable":true,"href":"https:\/\/casafreitas.pt\/loja\/wp-json\/wp\/v2\/product_brand?post=96988"},{"taxonomy":"product_cat","embeddable":true,"href":"https:\/\/casafreitas.pt\/loja\/wp-json\/wp\/v2\/product_cat?post=96988"},{"taxonomy":"product_tag","embeddable":true,"href":"https:\/\/casafreitas.pt\/loja\/wp-json\/wp\/v2\/product_tag?post=96988"}],"curies":[{"name":"wp","href":"https:\/\/api.w.org\/{rel}","templated":true}]}}