{"id":96985,"date":"2025-09-29T10:55:29","date_gmt":"2025-09-29T10:55:29","guid":{"rendered":"https:\/\/casafreitas.pt\/loja\/produto\/tripe-para-projetores-edm\/"},"modified":"2025-10-24T01:54:14","modified_gmt":"2025-10-24T01:54:14","slug":"tripe-para-projetores-edm","status":"publish","type":"product","link":"https:\/\/casafreitas.pt\/loja\/produto\/tripe-para-projetores-edm\/","title":{"rendered":"Trip\u00e9 para projetores edm"},"content":{"rendered":"","protected":false},"excerpt":{"rendered":"<p>Trip\u00e9 para projetoress \u00f872cm, altura desde 68cm at\u00e9 103cm edm<\/p>\n","protected":false},"featured_media":96984,"comment_status":"open","ping_status":"closed","template":"","meta":[],"product_brand":[],"product_cat":[17962,18008],"product_tag":[],"class_list":{"0":"post-96985","1":"product","2":"type-product","3":"status-publish","4":"has-post-thumbnail","6":"product_cat-luzes-de-trabalho-iluminacao-2","7":"product_cat-iluminacao","9":"first","10":"instock","11":"taxable","12":"shipping-taxable","13":"purchasable","14":"product-type-simple"},"_links":{"self":[{"href":"https:\/\/casafreitas.pt\/loja\/wp-json\/wp\/v2\/product\/96985","targetHints":{"allow":["GET"]}}],"collection":[{"href":"https:\/\/casafreitas.pt\/loja\/wp-json\/wp\/v2\/product"}],"about":[{"href":"https:\/\/casafreitas.pt\/loja\/wp-json\/wp\/v2\/types\/product"}],"replies":[{"embeddable":true,"href":"https:\/\/casafreitas.pt\/loja\/wp-json\/wp\/v2\/comments?post=96985"}],"version-history":[{"count":1,"href":"https:\/\/casafreitas.pt\/loja\/wp-json\/wp\/v2\/product\/96985\/revisions"}],"predecessor-version":[{"id":96986,"href":"https:\/\/casafreitas.pt\/loja\/wp-json\/wp\/v2\/product\/96985\/revisions\/96986"}],"wp:featuredmedia":[{"embeddable":true,"href":"https:\/\/casafreitas.pt\/loja\/wp-json\/wp\/v2\/media\/96984"}],"wp:attachment":[{"href":"https:\/\/casafreitas.pt\/loja\/wp-json\/wp\/v2\/media?parent=96985"}],"wp:term":[{"taxonomy":"product_brand","embeddable":true,"href":"https:\/\/casafreitas.pt\/loja\/wp-json\/wp\/v2\/product_brand?post=96985"},{"taxonomy":"product_cat","embeddable":true,"href":"https:\/\/casafreitas.pt\/loja\/wp-json\/wp\/v2\/product_cat?post=96985"},{"taxonomy":"product_tag","embeddable":true,"href":"https:\/\/casafreitas.pt\/loja\/wp-json\/wp\/v2\/product_tag?post=96985"}],"curies":[{"name":"wp","href":"https:\/\/api.w.org\/{rel}","templated":true}]}}