{"id":96571,"date":"2025-09-29T10:25:46","date_gmt":"2025-09-29T10:25:46","guid":{"rendered":"https:\/\/casafreitas.pt\/loja\/produto\/ligacao-em-t-para-canal-40-x-70-mm\/"},"modified":"2025-10-24T01:53:10","modified_gmt":"2025-10-24T01:53:10","slug":"ligacao-em-t-para-canal-40-x-70-mm","status":"publish","type":"product","link":"https:\/\/casafreitas.pt\/loja\/produto\/ligacao-em-t-para-canal-40-x-70-mm\/","title":{"rendered":"Liga\u00e7\u00e3o em t para canal de 40 x 70 mm"},"content":{"rendered":"","protected":false},"excerpt":{"rendered":"<p>Liga\u00e7\u00e3o em t para canal de 40 x 70 mm<\/p>\n","protected":false},"featured_media":96570,"comment_status":"open","ping_status":"closed","template":"","meta":[],"product_brand":[],"product_cat":[12941,18004],"product_tag":[],"class_list":{"0":"post-96571","1":"product","2":"type-product","3":"status-publish","4":"has-post-thumbnail","6":"product_cat-calha-e-acessorios-construcao","7":"product_cat-construcao","9":"first","10":"instock","11":"taxable","12":"shipping-taxable","13":"purchasable","14":"product-type-simple"},"_links":{"self":[{"href":"https:\/\/casafreitas.pt\/loja\/wp-json\/wp\/v2\/product\/96571","targetHints":{"allow":["GET"]}}],"collection":[{"href":"https:\/\/casafreitas.pt\/loja\/wp-json\/wp\/v2\/product"}],"about":[{"href":"https:\/\/casafreitas.pt\/loja\/wp-json\/wp\/v2\/types\/product"}],"replies":[{"embeddable":true,"href":"https:\/\/casafreitas.pt\/loja\/wp-json\/wp\/v2\/comments?post=96571"}],"version-history":[{"count":1,"href":"https:\/\/casafreitas.pt\/loja\/wp-json\/wp\/v2\/product\/96571\/revisions"}],"predecessor-version":[{"id":96572,"href":"https:\/\/casafreitas.pt\/loja\/wp-json\/wp\/v2\/product\/96571\/revisions\/96572"}],"wp:featuredmedia":[{"embeddable":true,"href":"https:\/\/casafreitas.pt\/loja\/wp-json\/wp\/v2\/media\/96570"}],"wp:attachment":[{"href":"https:\/\/casafreitas.pt\/loja\/wp-json\/wp\/v2\/media?parent=96571"}],"wp:term":[{"taxonomy":"product_brand","embeddable":true,"href":"https:\/\/casafreitas.pt\/loja\/wp-json\/wp\/v2\/product_brand?post=96571"},{"taxonomy":"product_cat","embeddable":true,"href":"https:\/\/casafreitas.pt\/loja\/wp-json\/wp\/v2\/product_cat?post=96571"},{"taxonomy":"product_tag","embeddable":true,"href":"https:\/\/casafreitas.pt\/loja\/wp-json\/wp\/v2\/product_tag?post=96571"}],"curies":[{"name":"wp","href":"https:\/\/api.w.org\/{rel}","templated":true}]}}