{"id":96544,"date":"2025-09-29T10:24:09","date_gmt":"2025-09-29T10:24:09","guid":{"rendered":"https:\/\/casafreitas.pt\/loja\/produto\/tubo-graxa-litio-150-g\/"},"modified":"2025-10-24T01:53:05","modified_gmt":"2025-10-24T01:53:05","slug":"tubo-graxa-litio-150-g","status":"publish","type":"product","link":"https:\/\/casafreitas.pt\/loja\/produto\/tubo-graxa-litio-150-g\/","title":{"rendered":"Tubo de graxa de l\u00edtio 150 g"},"content":{"rendered":"","protected":false},"excerpt":{"rendered":"<p>Graxa lubrificante de uso geral \u00e0 base de \u00f3leo mineral altamente refinado e sab\u00e3o de l\u00edtio, cont\u00e9m inibidores de oxida\u00e7\u00e3o e corros\u00e3o e aditivos antidesgaste, formulada especialmente para rolamentos, mancais lisos, articula\u00e7\u00f5es, guias, eixos, etc. n\u00e3o remov\u00edvel com \u00e1gua, faixa de temperatura -30\u00b0 \/ +130\u00b0 c, cont\u00e9m 150 g<\/p>\n","protected":false},"featured_media":96543,"comment_status":"open","ping_status":"closed","template":"","meta":[],"product_brand":[],"product_cat":[17579,18004],"product_tag":[],"class_list":{"0":"post-96544","1":"product","2":"type-product","3":"status-publish","4":"has-post-thumbnail","6":"product_cat-graxas-lubrificantes-construcao","7":"product_cat-construcao","9":"first","10":"instock","11":"taxable","12":"shipping-taxable","13":"purchasable","14":"product-type-simple"},"_links":{"self":[{"href":"https:\/\/casafreitas.pt\/loja\/wp-json\/wp\/v2\/product\/96544","targetHints":{"allow":["GET"]}}],"collection":[{"href":"https:\/\/casafreitas.pt\/loja\/wp-json\/wp\/v2\/product"}],"about":[{"href":"https:\/\/casafreitas.pt\/loja\/wp-json\/wp\/v2\/types\/product"}],"replies":[{"embeddable":true,"href":"https:\/\/casafreitas.pt\/loja\/wp-json\/wp\/v2\/comments?post=96544"}],"version-history":[{"count":1,"href":"https:\/\/casafreitas.pt\/loja\/wp-json\/wp\/v2\/product\/96544\/revisions"}],"predecessor-version":[{"id":96545,"href":"https:\/\/casafreitas.pt\/loja\/wp-json\/wp\/v2\/product\/96544\/revisions\/96545"}],"wp:featuredmedia":[{"embeddable":true,"href":"https:\/\/casafreitas.pt\/loja\/wp-json\/wp\/v2\/media\/96543"}],"wp:attachment":[{"href":"https:\/\/casafreitas.pt\/loja\/wp-json\/wp\/v2\/media?parent=96544"}],"wp:term":[{"taxonomy":"product_brand","embeddable":true,"href":"https:\/\/casafreitas.pt\/loja\/wp-json\/wp\/v2\/product_brand?post=96544"},{"taxonomy":"product_cat","embeddable":true,"href":"https:\/\/casafreitas.pt\/loja\/wp-json\/wp\/v2\/product_cat?post=96544"},{"taxonomy":"product_tag","embeddable":true,"href":"https:\/\/casafreitas.pt\/loja\/wp-json\/wp\/v2\/product_tag?post=96544"}],"curies":[{"name":"wp","href":"https:\/\/api.w.org\/{rel}","templated":true}]}}