{"id":96541,"date":"2025-09-29T10:23:58","date_gmt":"2025-09-29T10:23:58","guid":{"rendered":"https:\/\/casafreitas.pt\/loja\/produto\/spray-graxa-500-ml\/"},"modified":"2025-11-12T13:57:04","modified_gmt":"2025-11-12T13:57:04","slug":"spray-graxa-500-ml","status":"publish","type":"product","link":"https:\/\/casafreitas.pt\/loja\/produto\/spray-graxa-500-ml\/","title":{"rendered":"Spray de graxa 500 ml"},"content":{"rendered":"","protected":false},"excerpt":{"rendered":"<p>Lubrificante especial de longa dura\u00e7\u00e3o. sua fluidez facilita a aplica\u00e7\u00e3o e sua secagem r\u00e1pida permite uma lubrifica\u00e7\u00e3o ideal mesmo em locais de dif\u00edcil acesso. n\u00e3o escorre. resistente a altas press\u00f5es. cont\u00e9m 500 ml<\/p>\n","protected":false},"featured_media":96540,"comment_status":"open","ping_status":"closed","template":"","meta":[],"product_brand":[],"product_cat":[17579,18004],"product_tag":[],"class_list":{"0":"post-96541","1":"product","2":"type-product","3":"status-publish","4":"has-post-thumbnail","6":"product_cat-graxas-lubrificantes-construcao","7":"product_cat-construcao","9":"first","10":"instock","11":"taxable","12":"shipping-taxable","13":"purchasable","14":"product-type-simple"},"_links":{"self":[{"href":"https:\/\/casafreitas.pt\/loja\/wp-json\/wp\/v2\/product\/96541","targetHints":{"allow":["GET"]}}],"collection":[{"href":"https:\/\/casafreitas.pt\/loja\/wp-json\/wp\/v2\/product"}],"about":[{"href":"https:\/\/casafreitas.pt\/loja\/wp-json\/wp\/v2\/types\/product"}],"replies":[{"embeddable":true,"href":"https:\/\/casafreitas.pt\/loja\/wp-json\/wp\/v2\/comments?post=96541"}],"version-history":[{"count":1,"href":"https:\/\/casafreitas.pt\/loja\/wp-json\/wp\/v2\/product\/96541\/revisions"}],"predecessor-version":[{"id":96542,"href":"https:\/\/casafreitas.pt\/loja\/wp-json\/wp\/v2\/product\/96541\/revisions\/96542"}],"wp:featuredmedia":[{"embeddable":true,"href":"https:\/\/casafreitas.pt\/loja\/wp-json\/wp\/v2\/media\/96540"}],"wp:attachment":[{"href":"https:\/\/casafreitas.pt\/loja\/wp-json\/wp\/v2\/media?parent=96541"}],"wp:term":[{"taxonomy":"product_brand","embeddable":true,"href":"https:\/\/casafreitas.pt\/loja\/wp-json\/wp\/v2\/product_brand?post=96541"},{"taxonomy":"product_cat","embeddable":true,"href":"https:\/\/casafreitas.pt\/loja\/wp-json\/wp\/v2\/product_cat?post=96541"},{"taxonomy":"product_tag","embeddable":true,"href":"https:\/\/casafreitas.pt\/loja\/wp-json\/wp\/v2\/product_tag?post=96541"}],"curies":[{"name":"wp","href":"https:\/\/api.w.org\/{rel}","templated":true}]}}