{"id":96238,"date":"2025-09-29T10:05:42","date_gmt":"2025-09-29T10:05:42","guid":{"rendered":"https:\/\/casafreitas.pt\/loja\/produto\/detergente-liquido-platinum-april-fresh-25-lavagens-1125-ml\/"},"modified":"2025-10-24T01:22:09","modified_gmt":"2025-10-24T01:22:09","slug":"detergente-liquido-platinum-april-fresh-25-lavagens-1125-ml","status":"publish","type":"product","link":"https:\/\/casafreitas.pt\/loja\/produto\/detergente-liquido-platinum-april-fresh-25-lavagens-1125-ml\/","title":{"rendered":"Detergente l\u00edquido platinum april fresh 25 lavagens 1125 ml"},"content":{"rendered":"","protected":false},"excerpt":{"rendered":"<p>Detergente l\u00edquido platinum com 25 lavagens e f\u00f3rmula de limpeza profunda. remove manchas dif\u00edceis desde a primeira lavagem e deixa um aroma refrescante lenor (frescura de abril) na roupa. ideal para roupa branca e de cor, 1125 ml<\/p>\n","protected":false},"featured_media":96237,"comment_status":"open","ping_status":"closed","template":"","meta":[],"product_brand":[],"product_cat":[17921,18010],"product_tag":[],"class_list":{"0":"post-96238","1":"product","2":"type-product","3":"status-publish","4":"has-post-thumbnail","6":"product_cat-produtos-para-maquinas-de-lavar-roupa-removedor-de-manchas-limpeza-e-higiene-pessoal","7":"product_cat-limpeza-higiene-pessoal","9":"first","10":"instock","11":"taxable","12":"shipping-taxable","13":"purchasable","14":"product-type-simple"},"_links":{"self":[{"href":"https:\/\/casafreitas.pt\/loja\/wp-json\/wp\/v2\/product\/96238","targetHints":{"allow":["GET"]}}],"collection":[{"href":"https:\/\/casafreitas.pt\/loja\/wp-json\/wp\/v2\/product"}],"about":[{"href":"https:\/\/casafreitas.pt\/loja\/wp-json\/wp\/v2\/types\/product"}],"replies":[{"embeddable":true,"href":"https:\/\/casafreitas.pt\/loja\/wp-json\/wp\/v2\/comments?post=96238"}],"version-history":[{"count":1,"href":"https:\/\/casafreitas.pt\/loja\/wp-json\/wp\/v2\/product\/96238\/revisions"}],"predecessor-version":[{"id":96239,"href":"https:\/\/casafreitas.pt\/loja\/wp-json\/wp\/v2\/product\/96238\/revisions\/96239"}],"wp:featuredmedia":[{"embeddable":true,"href":"https:\/\/casafreitas.pt\/loja\/wp-json\/wp\/v2\/media\/96237"}],"wp:attachment":[{"href":"https:\/\/casafreitas.pt\/loja\/wp-json\/wp\/v2\/media?parent=96238"}],"wp:term":[{"taxonomy":"product_brand","embeddable":true,"href":"https:\/\/casafreitas.pt\/loja\/wp-json\/wp\/v2\/product_brand?post=96238"},{"taxonomy":"product_cat","embeddable":true,"href":"https:\/\/casafreitas.pt\/loja\/wp-json\/wp\/v2\/product_cat?post=96238"},{"taxonomy":"product_tag","embeddable":true,"href":"https:\/\/casafreitas.pt\/loja\/wp-json\/wp\/v2\/product_tag?post=96238"}],"curies":[{"name":"wp","href":"https:\/\/api.w.org\/{rel}","templated":true}]}}