{"id":96220,"date":"2025-09-29T10:04:34","date_gmt":"2025-09-29T10:04:34","guid":{"rendered":"https:\/\/casafreitas.pt\/loja\/produto\/panos-microfibra-30-x-30-cm-8-uds-cores-variadas\/"},"modified":"2025-11-12T13:57:05","modified_gmt":"2025-11-12T13:57:05","slug":"panos-microfibra-30-x-30-cm-8-uds-cores-variadas","status":"publish","type":"product","link":"https:\/\/casafreitas.pt\/loja\/produto\/panos-microfibra-30-x-30-cm-8-uds-cores-variadas\/","title":{"rendered":"Panos de microfibra 30 x 30 cm, 8 uds, cores variadas"},"content":{"rendered":"","protected":false},"excerpt":{"rendered":"<p>Panos de microfibra 100% poli\u00e9ster, 30 x 30 cm, 8 uds, para uso seco ou humido, lav\u00e1vel \u00e0 m\u00e1quina at\u00e9 60\u00b0c, lavar sem amaciador nem agentes branqueantes<\/p>\n","protected":false},"featured_media":96219,"comment_status":"open","ping_status":"closed","template":"","meta":[],"product_brand":[],"product_cat":[17928,18010],"product_tag":[],"class_list":{"0":"post-96220","1":"product","2":"type-product","3":"status-publish","4":"has-post-thumbnail","6":"product_cat-roupas-esfregadas-limpeza-e-higiene-pessoal","7":"product_cat-limpeza-higiene-pessoal","9":"first","10":"instock","11":"taxable","12":"shipping-taxable","13":"purchasable","14":"product-type-simple"},"_links":{"self":[{"href":"https:\/\/casafreitas.pt\/loja\/wp-json\/wp\/v2\/product\/96220","targetHints":{"allow":["GET"]}}],"collection":[{"href":"https:\/\/casafreitas.pt\/loja\/wp-json\/wp\/v2\/product"}],"about":[{"href":"https:\/\/casafreitas.pt\/loja\/wp-json\/wp\/v2\/types\/product"}],"replies":[{"embeddable":true,"href":"https:\/\/casafreitas.pt\/loja\/wp-json\/wp\/v2\/comments?post=96220"}],"version-history":[{"count":1,"href":"https:\/\/casafreitas.pt\/loja\/wp-json\/wp\/v2\/product\/96220\/revisions"}],"predecessor-version":[{"id":96221,"href":"https:\/\/casafreitas.pt\/loja\/wp-json\/wp\/v2\/product\/96220\/revisions\/96221"}],"wp:featuredmedia":[{"embeddable":true,"href":"https:\/\/casafreitas.pt\/loja\/wp-json\/wp\/v2\/media\/96219"}],"wp:attachment":[{"href":"https:\/\/casafreitas.pt\/loja\/wp-json\/wp\/v2\/media?parent=96220"}],"wp:term":[{"taxonomy":"product_brand","embeddable":true,"href":"https:\/\/casafreitas.pt\/loja\/wp-json\/wp\/v2\/product_brand?post=96220"},{"taxonomy":"product_cat","embeddable":true,"href":"https:\/\/casafreitas.pt\/loja\/wp-json\/wp\/v2\/product_cat?post=96220"},{"taxonomy":"product_tag","embeddable":true,"href":"https:\/\/casafreitas.pt\/loja\/wp-json\/wp\/v2\/product_tag?post=96220"}],"curies":[{"name":"wp","href":"https:\/\/api.w.org\/{rel}","templated":true}]}}