{"id":96205,"date":"2025-09-29T10:03:39","date_gmt":"2025-09-29T10:03:39","guid":{"rendered":"https:\/\/casafreitas.pt\/loja\/produto\/esponja-su-pro-clean-21\/"},"modified":"2025-10-24T01:21:48","modified_gmt":"2025-10-24T01:21:48","slug":"esponja-su-pro-clean-21","status":"publish","type":"product","link":"https:\/\/casafreitas.pt\/loja\/produto\/esponja-su-pro-clean-21\/","title":{"rendered":"Esponja su pro clean 2+1"},"content":{"rendered":"","protected":false},"excerpt":{"rendered":"<p>Esponja profissional com enzimas ativas que mant\u00eam seu produto limpo e higi\u00eanico por no m\u00ednimo 2 meses, sem o uso de produtos qu\u00edmicos. capacidade de absor\u00e7\u00e3o 5 vezes maior que as esponjas tradicionais, gra\u00e7as \u00e0 espuma hidrof\u00edlica<\/p>\n","protected":false},"featured_media":96204,"comment_status":"open","ping_status":"closed","template":"","meta":[],"product_brand":[],"product_cat":[17928,18010],"product_tag":[],"class_list":{"0":"post-96205","1":"product","2":"type-product","3":"status-publish","4":"has-post-thumbnail","6":"product_cat-roupas-esfregadas-limpeza-e-higiene-pessoal","7":"product_cat-limpeza-higiene-pessoal","9":"first","10":"instock","11":"taxable","12":"shipping-taxable","13":"purchasable","14":"product-type-simple"},"_links":{"self":[{"href":"https:\/\/casafreitas.pt\/loja\/wp-json\/wp\/v2\/product\/96205","targetHints":{"allow":["GET"]}}],"collection":[{"href":"https:\/\/casafreitas.pt\/loja\/wp-json\/wp\/v2\/product"}],"about":[{"href":"https:\/\/casafreitas.pt\/loja\/wp-json\/wp\/v2\/types\/product"}],"replies":[{"embeddable":true,"href":"https:\/\/casafreitas.pt\/loja\/wp-json\/wp\/v2\/comments?post=96205"}],"version-history":[{"count":1,"href":"https:\/\/casafreitas.pt\/loja\/wp-json\/wp\/v2\/product\/96205\/revisions"}],"predecessor-version":[{"id":96206,"href":"https:\/\/casafreitas.pt\/loja\/wp-json\/wp\/v2\/product\/96205\/revisions\/96206"}],"wp:featuredmedia":[{"embeddable":true,"href":"https:\/\/casafreitas.pt\/loja\/wp-json\/wp\/v2\/media\/96204"}],"wp:attachment":[{"href":"https:\/\/casafreitas.pt\/loja\/wp-json\/wp\/v2\/media?parent=96205"}],"wp:term":[{"taxonomy":"product_brand","embeddable":true,"href":"https:\/\/casafreitas.pt\/loja\/wp-json\/wp\/v2\/product_brand?post=96205"},{"taxonomy":"product_cat","embeddable":true,"href":"https:\/\/casafreitas.pt\/loja\/wp-json\/wp\/v2\/product_cat?post=96205"},{"taxonomy":"product_tag","embeddable":true,"href":"https:\/\/casafreitas.pt\/loja\/wp-json\/wp\/v2\/product_tag?post=96205"}],"curies":[{"name":"wp","href":"https:\/\/api.w.org\/{rel}","templated":true}]}}